{"id":7815,"date":"2026-04-05T11:54:46","date_gmt":"2026-04-05T11:54:46","guid":{"rendered":"https:\/\/paulettematkovic.com\/?page_id=7815"},"modified":"2026-04-13T10:36:24","modified_gmt":"2026-04-13T10:36:24","slug":"yoga-garemaritime","status":"publish","type":"page","link":"https:\/\/paulettematkovic.com\/en\/yoga-garemaritime\/","title":{"rendered":"Yoga@GareMaritime"},"content":{"rendered":"<p>[et_pb_section fb_built=\"1\" fullwidth=\"on\" admin_label=\"Header\" _builder_version=\"4.27.4\" background_color=\"#b7b9c7\" background_enable_image=\"off\" custom_margin=\"60px||-60px||false|false\" locked=\"off\" global_colors_info=\"{}\"][et_pb_fullwidth_header title=\"Yoga@GareMaritime\" subhead=\"Each Friday 12.30- 13.30\" text_orientation=\"center\" button_one_text=\"Sign up\" button_one_url=\"#yoga-popup\" background_overlay_color=\"rgba(83,90,128,0.3)\" _builder_version=\"4.27.4\" title_font=\"|700|||||||\" title_text_align=\"center\" title_font_size=\"63px\" subhead_text_align=\"center\" subhead_font_size=\"32px\" subhead_line_height=\"1.4em\" background_color=\"rgba(255,255,255,0)\" background_image=\"https:\/\/paulettematkovic.com\/wp-content\/uploads\/2026\/04\/Couverture-Gare-Maritime-2.jpg\" custom_button_one=\"on\" button_one_text_size=\"17px\" button_one_text_color=\"#FFFFFF\" button_one_bg_color=\"RGBA(255,255,255,0)\" button_one_border_width=\"2px\" button_one_border_color=\"#FFFFFF\" button_one_icon_color=\"#FFFFFF\" min_height=\"291.4px\" custom_margin=\"||77px|||\" custom_padding=\"||12px|||\" custom_padding_tablet=\"\" custom_padding_phone=\"\" custom_padding_last_edited=\"on|tablet\" animation_style=\"fade\" animation_direction=\"top\" title_font_size_tablet=\"\" title_font_size_phone=\"\" title_font_size_last_edited=\"on|desktop\" content_font_size_last_edited=\"off|phone\" subhead_font_tablet=\"\" subhead_font_phone=\"\" subhead_font_last_edited=\"on|desktop\" subhead_font_size_tablet=\"\" subhead_font_size_phone=\"\" subhead_font_size_last_edited=\"on|phone\" subhead_line_height_tablet=\"\" subhead_line_height_phone=\"\" subhead_line_height_last_edited=\"on|phone\" title_en_us=\"Yoga@GareMaritima\" button_one_text_color_hover=\"#ffffff\" button_one_border_color_hover=\"#ff9e59\" button_one_border_radius_hover=\"100px\" button_one_bg_color_hover=\"#ff9e59\" global_colors_info=\"{}\" button_one_text_size__hover_enabled=\"off\" button_two_text_size__hover_enabled=\"off\" button_one_text_color__hover_enabled=\"on\" button_one_text_color__hover=\"#ffffff\" button_two_text_color__hover_enabled=\"off\" button_one_border_width__hover_enabled=\"off\" button_two_border_width__hover_enabled=\"off\" button_one_border_color__hover_enabled=\"on\" button_one_border_color__hover=\"#ff9e59\" button_two_border_color__hover_enabled=\"off\" button_one_border_radius__hover_enabled=\"on\" button_one_border_radius__hover=\"100px\" button_two_border_radius__hover_enabled=\"off\" button_one_letter_spacing__hover_enabled=\"off\" button_two_letter_spacing__hover_enabled=\"off\" button_one_bg_color__hover_enabled=\"on\" button_one_bg_color__hover=\"#ff9e59\" button_two_bg_color__hover_enabled=\"off\"][\/et_pb_fullwidth_header][\/et_pb_section][et_pb_section fb_built=\"1\" _builder_version=\"4.27.4\" use_background_color_gradient=\"on\" background_color_gradient_stops=\"#ffffff 0%|#faf4eb 100%\" custom_padding=\"0px|||||\" locked=\"off\" global_colors_info=\"{}\"][et_pb_row column_structure=\"1_2,1_2\" _builder_version=\"4.27.4\" custom_padding=\"|||\" global_colors_info=\"{}\"][et_pb_column type=\"1_2\" _builder_version=\"4.16\" custom_padding=\"|||\" global_colors_info=\"{}\" custom_padding__hover=\"|||\"][et_pb_text _builder_version=\"4.27.4\" content_en_us=\"<\/p>\n<h4>A break that actually does you good<\/h4>\n<p class=%22font-claude-response-body break-words whitespace-normal leading-%911.7%93%22>Stress often builds up without us noticing \u2014 in the shoulders, the jaw, the belly. Our sessions combine body movement, breathing techniques and nervous system regulation to help you find a state of calm. No prior experience needed: every session is accessible to all.<\/p>\n<p class=%22font-claude-response-body break-words whitespace-normal leading-%911.7%93%22>If you've been sitting for hours, your body needs to move, stretch and breathe. The lunch break is the perfect moment to release built-up tension, wake up your spine and clear your mind from the morning's demands. You'll leave with a rested head, a lighter body and a clearer mind.<\/p>\n<h3 data-start=%221995%22 data-end=%222057%22><em>Rediscover calm and vitality<\/em><\/h3>\n<p>A yoga class is an experience of reconnecting with yourself, through a practice that combines movement, breathing and mindfulness. Guided by an experienced teacher, each session invites you to find your balance \u2014 in body and mind \u2014 and unlock your own inner resources.<\/p>\n<h3 data-start=%221995%22 data-end=%222057%22><em>Pricing<\/em><\/h3>\n<ul class=%22%91li_&%93:mb-0 %91li_&%93:mt-1 %91li_&%93:gap-1 %91&:not(:last-child)_ul%93:pb-1 %91&:not(:last-child)_ol%93:pb-1 list-disc flex flex-col gap-1 pl-8 mb-3%22>\n<li class=%22whitespace-normal break-words pl-2%22>Trial session: \u20ac10<\/li>\n<li class=%22whitespace-normal break-words pl-2%22>Single session: \u20ac18<\/li>\n<li class=%22whitespace-normal break-words pl-2%22>10-session pass, valid 3 months: \u20ac150<\/li>\n<\/ul>\n<p class=%22font-claude-response-body break-words whitespace-normal leading-%911.7%93%22>Payment is made on site, by cash or QR code.<\/p>\n<p class=%22font-claude-response-body break-words whitespace-normal leading-%911.7%93%22>Is the price an issue? A solidarity price is available \u2014 <a class=%22underline underline underline-offset-2 decoration-1 decoration-current\/40 hover:decoration-current focus:decoration-current%22 href=%22mailto:info@paulettematkovic.com%22>feel free to send us a message<\/a><\/p>\n<hr class=%22border-border-200 border-t-0.5 my-3 mx-1.5%22 \/>\" global_colors_info=\"{}\"]<\/p>\n<h3 data-start=\"1995\" data-end=\"2057\">Une pause qui fait vraiment du bien<\/h3>\n<p class=\"font-claude-response-body break-words whitespace-normal leading-[1.7]\">Le stress s'installe souvent sans qu'on ne s'en rende compte \u2014 dans les \u00e9paules, la m\u00e2choire, le ventre. Nos s\u00e9ances combinent mobilisation du corps, techniques de respiration et r\u00e9gulation du syst\u00e8me nerveux pour vous aider \u00e0 retrouver un \u00e9tat de calme. Pas besoin d'exp\u00e9rience pr\u00e9alable : chaque s\u00e9ance est accessible \u00e0 toutes et tous.<\/p>\n<p class=\"font-claude-response-body break-words whitespace-normal leading-[1.7]\">Si vous \u00eates rest\u00e9.e des heures dans la m\u00eame position, votre corps a besoin de bouger, de s'\u00e9tirer, de respirer. La pause de midi est le moment id\u00e9al pour rel\u00e2cher les tensions accumul\u00e9es, r\u00e9veiller votre colonne vert\u00e9brale et lib\u00e9rer votre esprit des sollicitations de la matin\u00e9e. Vous repartez avec une t\u00eate repos\u00e9e, un corps plus l\u00e9ger et l'esprit plus clair.<\/p>\n<h3 data-start=\"1995\" data-end=\"2057\">Retrouvez calme et vitalit\u00e9<\/h3>\n<p>Un cours de yoga est une exp\u00e9rience de reconnexion \u00e0 vous-m\u00eame, \u00e0 travers une pratique qui allie mouvement, respiration et pleine conscience. Guid\u00e9e par une enseignante exp\u00e9riment\u00e9e, chaque s\u00e9ance vous invite \u00e0 trouver votre \u00e9quilibre \u2014 dans le corps comme dans l'esprit \u2014 et \u00e0 r\u00e9v\u00e9ler vos propres ressources int\u00e9rieures.<\/p>\n<h3 data-start=\"1995\" data-end=\"2057\">Prix<\/h3>\n<p>S\u00e9ance d'essai: 10 euros<\/p>\n<p>S\u00e9ance unique: 18 euros<\/p>\n<p>Carte de 10 s\u00e9ances valable 3 mois: 150 euros<\/p>\n<p>Le paiement se fait sur place, en liquide ou avec un QR code.<\/p>\n<p>Le prix est un probl\u00e8me? Un prix solidaire est possible, <a href=\"mailto:info@paulettematkovic.com\">n'h\u00e9sitez pas \u00e0 nous envoyer un message\u00a0<\/a><\/p>\n<p>&nbsp;<\/p>\n<p>[\/et_pb_text][et_pb_button button_url=\"#yoga-popup\" button_text=\"Je m'inscris\" _builder_version=\"4.27.4\" _module_preset=\"default\" custom_button=\"on\" button_border_width=\"3px\" button_border_color=\"#000000\" button_font=\"||||||||\" button_text_shadow_style=\"preset1\" global_colors_info=\"{}\"][\/et_pb_button][\/et_pb_column][et_pb_column type=\"1_2\" _builder_version=\"4.27.4\" _module_preset=\"default\" global_colors_info=\"{}\"][et_pb_blurb title=\"Paulette Matkovic\" image=\"https:\/\/paulettematkovic.com\/wp-content\/uploads\/2020\/03\/Yt.jpg\" alt=\"Yoga th\u00e9rapie en ligne\" icon_alignment=\"left\" _builder_version=\"4.27.4\" _module_preset=\"default\" title_en_us=\"Bio\" content_en_us=\"<\/p>\n<p class=%22font-claude-response-body break-words whitespace-normal leading-%911.7%93%22>Paulette Matkovic completed a 4-year yoga teacher training (540 hours) in <strong>Viniyoga<\/strong>, as well as a yoga therapy training with Dr N. Chandrasekaran (student of Desikachar, <a class=%22underline underline underline-offset-2 decoration-1 decoration-current\/40 hover:decoration-current focus:decoration-current%22 href=%22http:\/\/www.yogavaidyasala.net\/%22>The Viniyoga Healing and Research Center<\/a>) (550 hours + 120 hours of practice in Chennai, India).<\/p>\n<p class=%22font-claude-response-body break-words whitespace-normal leading-%911.7%93%22>She is also trained in trauma management (Somatic Experiencing and NARM). She works individually with people experiencing chronic stress and post-traumatic stress, and delivers corporate training and keynote talks.<\/p>\n<p class=%22font-claude-response-body break-words whitespace-normal leading-%911.7%93%22>\" global_colors_info=\"{}\"]<\/p>\n<p>Paulette Matkovic a une formation de professeure de yoga (4 ans - 540 heures) en <strong>Viniyoga<\/strong> et \u00e9galement en <strong>yogath\u00e9rapie <\/strong>par docteur N. Chandrasekaran (\u00e9l\u00e8ve de Desikashar <a style=\"color: #ff6b5a;\" href=\"http:\/\/www.yogavaidyasala.net\/\" target=\"_blank\" rel=\"noopener noreferrer\">The Viniyoga Healing and Research Center<\/a>) (550 heures + 120 heures de pratique \u00e0 Chennai- Inde).<\/p>\n<p>Elle est \u00e9galement form\u00e9e dans la gestion des traumatismes ( Somatic experiencing et Narm). Elle accompagne les personnes souffrant de stress chronique et de stress post-traumatique de mani\u00e8re individuelle et donne des conf\u00e9rences et des formations en entreprise.<\/p>\n<p>[\/et_pb_blurb][et_pb_button button_url=\"@ET-DC@eyJkeW5hbWljIjp0cnVlLCJjb250ZW50IjoicG9zdF9saW5rX3VybF9wYWdlIiwic2V0dGluZ3MiOnsicG9zdF9pZCI6IjI0MCJ9fQ==@\" button_text=\"En savoir plus\" _builder_version=\"4.27.4\" _dynamic_attributes=\"button_url\" _module_preset=\"default\" custom_button=\"on\" button_border_width=\"2px\" button_text_shadow_style=\"preset1\" global_colors_info=\"{}\"][\/et_pb_button][\/et_pb_column][\/et_pb_row][\/et_pb_section][et_pb_section fb_built=\"1\" module_id=\"yoga-popup\" module_class=\"et-hide-section\" _builder_version=\"4.27.4\" _module_preset=\"default\" global_colors_info=\"{}\"][et_pb_row _builder_version=\"4.27.4\" _module_preset=\"default\" global_colors_info=\"{}\"][et_pb_column type=\"4_4\" _builder_version=\"4.27.4\" _module_preset=\"default\" global_colors_info=\"{}\"][et_pb_code _builder_version=\"4.27.4\" _module_preset=\"default\" global_colors_info=\"{}\"]<iframe loading=\"lazy\" src=\"https:\/\/docs.google.com\/forms\/d\/e\/1FAIpQLSdby3mnNMaRNfxRBQoCS_9z5me_NzpEg6nNYe1i6J7MoEiI-w\/viewform?embedded=true\" width=\"640\" height=\"775\" frameborder=\"0\" marginheight=\"0\" marginwidth=\"0\">Loading\u2026<\/iframe>[\/et_pb_code][\/et_pb_column][\/et_pb_row][\/et_pb_section]<\/p>\n","protected":false},"excerpt":{"rendered":"excerpt","protected":false},"author":3,"featured_media":90,"parent":0,"menu_order":0,"comment_status":"closed","ping_status":"closed","template":"","meta":{"_et_pb_use_builder":"on","_et_pb_old_content":"<!-- wp:fluentfom\/guten-block {\"formId\":\"3\"} \/-->","_et_gb_content_width":"","episode_type":"","audio_file":"","podmotor_file_id":"","podmotor_episode_id":"","cover_image":"","cover_image_id":"","duration":"","filesize":"","filesize_raw":"","date_recorded":"","explicit":"","block":"","footnotes":""},"class_list":["post-7815","page","type-page","status-publish","has-post-thumbnail","hentry"],"yoast_head":"<!-- This site is optimized with the Yoast SEO plugin v27.4 - https:\/\/yoast.com\/product\/yoast-seo-wordpress\/ -->\n<title>Yoga@GareMaritime<\/title>\n<meta name=\"description\" content=\"Cours de yoga tous les vendredis de 12h15 \u00e0 13h15 \u00e0 la Maison de la Poste ( Gare Maritime). Avec la professeure Paulette Matkovic\" \/>\n<meta name=\"robots\" content=\"index, follow, max-snippet:-1, max-image-preview:large, max-video-preview:-1\" \/>\n<link rel=\"canonical\" href=\"\" \/>\n<meta property=\"og:locale\" content=\"en_US\" \/>\n<meta property=\"og:type\" content=\"article\" \/>\n<meta property=\"og:title\" content=\"Yoga@GareMaritime\" \/>\n<meta property=\"og:description\" content=\"Cours de yoga tous les vendredis de 12h15 \u00e0 13h15 \u00e0 la Maison de la Poste ( Gare Maritime). Avec la professeure Paulette Matkovic\" \/>\n<meta property=\"og:url\" content=\"https:\/\/paulettematkovic.com\/en\/yoga-garemaritime\/\" \/>\n<meta property=\"og:site_name\" content=\"Paulette Matkovic\" \/>\n<meta property=\"article:publisher\" content=\"https:\/\/www.facebook.com\/yogatherapybrussels\" \/>\n<meta property=\"article:modified_time\" content=\"2026-04-13T10:36:24+00:00\" \/>\n<meta property=\"og:image\" content=\"https:\/\/paulettematkovic.com\/wp-content\/uploads\/2018\/06\/feuille-pli\u00e9e-focus-Paulette-Martkovic-yoga.jpg\" \/>\n\t<meta property=\"og:image:width\" content=\"700\" \/>\n\t<meta property=\"og:image:height\" content=\"467\" \/>\n\t<meta property=\"og:image:type\" content=\"image\/jpeg\" \/>\n<meta name=\"twitter:card\" content=\"summary_large_image\" \/>\n<meta name=\"twitter:label1\" content=\"Est. reading time\" \/>\n\t<meta name=\"twitter:data1\" content=\"2 minutes\" \/>\n<script type=\"application\/ld+json\" class=\"yoast-schema-graph\">{\"@context\":\"https:\\\/\\\/schema.org\",\"@graph\":[{\"@type\":\"WebPage\",\"@id\":\"https:\\\/\\\/paulettematkovic.com\\\/en\\\/yoga-garemaritime\\\/\",\"url\":\"https:\\\/\\\/paulettematkovic.com\\\/en\\\/yoga-garemaritime\\\/\",\"name\":\"Yoga@GareMaritime - Paulette Matkovic\",\"isPartOf\":{\"@id\":\"https:\\\/\\\/paulettematkovic.com\\\/#website\"},\"primaryImageOfPage\":{\"@id\":\"https:\\\/\\\/paulettematkovic.com\\\/en\\\/yoga-garemaritime\\\/#primaryimage\"},\"image\":{\"@id\":\"https:\\\/\\\/paulettematkovic.com\\\/en\\\/yoga-garemaritime\\\/#primaryimage\"},\"thumbnailUrl\":\"https:\\\/\\\/paulettematkovic.com\\\/wp-content\\\/uploads\\\/2018\\\/06\\\/feuille-pli\u00e9e-focus-Paulette-Martkovic-yoga.jpg\",\"datePublished\":\"2026-04-05T11:54:46+00:00\",\"dateModified\":\"2026-04-13T10:36:24+00:00\",\"description\":\"Cours de yoga tous les vendredis de 12h15 \u00e0 13h15 \u00e0 la Maison de la Poste ( Gare Maritime). Avec la professeure Paulette Matkovic\",\"breadcrumb\":{\"@id\":\"https:\\\/\\\/paulettematkovic.com\\\/en\\\/yoga-garemaritime\\\/#breadcrumb\"},\"inLanguage\":\"en-US\",\"potentialAction\":[{\"@type\":\"ReadAction\",\"target\":[\"https:\\\/\\\/paulettematkovic.com\\\/en\\\/yoga-garemaritime\\\/\"]}]},{\"@type\":\"ImageObject\",\"inLanguage\":\"en-US\",\"@id\":\"https:\\\/\\\/paulettematkovic.com\\\/en\\\/yoga-garemaritime\\\/#primaryimage\",\"url\":\"https:\\\/\\\/paulettematkovic.com\\\/wp-content\\\/uploads\\\/2018\\\/06\\\/feuille-pli\u00e9e-focus-Paulette-Martkovic-yoga.jpg\",\"contentUrl\":\"https:\\\/\\\/paulettematkovic.com\\\/wp-content\\\/uploads\\\/2018\\\/06\\\/feuille-pli\u00e9e-focus-Paulette-Martkovic-yoga.jpg\",\"width\":700,\"height\":467,\"caption\":\"Paulette Matkovic. balasana\"},{\"@type\":\"BreadcrumbList\",\"@id\":\"https:\\\/\\\/paulettematkovic.com\\\/en\\\/yoga-garemaritime\\\/#breadcrumb\",\"itemListElement\":[{\"@type\":\"ListItem\",\"position\":1,\"name\":\"Home\",\"item\":\"https:\\\/\\\/paulettematkovic.com\\\/\"},{\"@type\":\"ListItem\",\"position\":2,\"name\":\"Yoga@GareMaritime\"}]},{\"@type\":\"WebSite\",\"@id\":\"https:\\\/\\\/paulettematkovic.com\\\/en\\\/#website\",\"url\":\"https:\\\/\\\/paulettematkovic.com\\\/en\\\/\",\"name\":\"Paulette Matkovic\",\"description\":\"Find the confort of well-being\",\"publisher\":{\"@id\":\"https:\\\/\\\/paulettematkovic.com\\\/en\\\/#\\\/schema\\\/person\\\/6901ac3f25453e43ba059c0e309fcf57\"},\"potentialAction\":[{\"@type\":\"SearchAction\",\"target\":{\"@type\":\"EntryPoint\",\"urlTemplate\":\"https:\\\/\\\/paulettematkovic.com\\\/en\\\/?s={search_term_string}\"},\"query-input\":{\"@type\":\"PropertyValueSpecification\",\"valueRequired\":true,\"valueName\":\"search_term_string\"}}],\"inLanguage\":\"en-US\"},{\"@type\":[\"Person\",\"Organization\"],\"@id\":\"https:\\\/\\\/paulettematkovic.com\\\/en\\\/#\\\/schema\\\/person\\\/6901ac3f25453e43ba059c0e309fcf57\",\"name\":\"Paulette Matkovic\",\"image\":{\"@type\":\"ImageObject\",\"inLanguage\":\"en-US\",\"@id\":\"https:\\\/\\\/magenta-chimpanzee-501077.hostingersite.com\\\/wp-content\\\/uploads\\\/2020\\\/09\\\/aigle-rapproch\u00e9-scaled.jpg\",\"url\":\"https:\\\/\\\/magenta-chimpanzee-501077.hostingersite.com\\\/wp-content\\\/uploads\\\/2020\\\/09\\\/aigle-rapproch\u00e9-scaled.jpg\",\"contentUrl\":\"https:\\\/\\\/magenta-chimpanzee-501077.hostingersite.com\\\/wp-content\\\/uploads\\\/2020\\\/09\\\/aigle-rapproch\u00e9-scaled.jpg\",\"width\":2560,\"height\":1707,\"caption\":\"Paulette Matkovic\"},\"logo\":{\"@id\":\"https:\\\/\\\/magenta-chimpanzee-501077.hostingersite.com\\\/wp-content\\\/uploads\\\/2020\\\/09\\\/aigle-rapproch\u00e9-scaled.jpg\"},\"description\":\"Yoga Th\u00e9rapeute form\u00e9e par le Dr Chandrasekaran\",\"sameAs\":[\"https:\\\/\\\/magenta-chimpanzee-501077.hostingersite.com\",\"https:\\\/\\\/www.facebook.com\\\/yogatherapybrussels\",\"https:\\\/\\\/www.instagram.com\\\/paulette_matkovic\\\/\",\"https:\\\/\\\/be.linkedin.com\\\/in\\\/paulette-matkovic-5282aa145\",\"https:\\\/\\\/www.facebook.com\\\/Paulette-Matkovic-Yoga-Therapy-103766801131187\\\/?modal=admin_todo_tour\"]}]}<\/script>\n<!-- \/ Yoast SEO plugin. -->","yoast_head_json":{"title":"Yoga@GareMaritime","description":"Cours de yoga tous les vendredis de 12h15 \u00e0 13h15 \u00e0 la Maison de la Poste ( Gare Maritime). Avec la professeure Paulette Matkovic","robots":{"index":"index","follow":"follow","max-snippet":"max-snippet:-1","max-image-preview":"max-image-preview:large","max-video-preview":"max-video-preview:-1"},"canonical":"[et_pb_section fb_built=\"1\" fullwidth=\"on\" admin_label=\"Header\" _builder_version=\"4.27.4\" background_color=\"#b7b9c7\" background_enable_image=\"off\" custom_margin=\"60px||-60px||false|false\" locked=\"off\" global_colors_info=\"{}\"][et_pb_fullwidth_header title=\"Yoga@GareMaritime\" subhead=\"Each Friday 12.30- 13.30\" text_orientation=\"center\" button_one_text=\"Sign up\" button_one_url=\"#yoga-popup\" background_overlay_color=\"rgba(83,90,128,0.3)\" _builder_version=\"4.27.4\" title_font=\"|700|||||||\" title_text_align=\"center\" title_font_size=\"63px\" subhead_text_align=\"center\" subhead_font_size=\"32px\" subhead_line_height=\"1.4em\" background_color=\"rgba(255,255,255,0)\" background_image=\"https:\/\/paulettematkovic.com\/wp-content\/uploads\/2026\/04\/Couverture-Gare-Maritime-2.jpg\" custom_button_one=\"on\" button_one_text_size=\"17px\" button_one_text_color=\"#FFFFFF\" button_one_bg_color=\"RGBA(255,255,255,0)\" button_one_border_width=\"2px\" button_one_border_color=\"#FFFFFF\" button_one_icon_color=\"#FFFFFF\" min_height=\"291.4px\" custom_margin=\"||77px|||\" custom_padding=\"||12px|||\" custom_padding_tablet=\"\" custom_padding_phone=\"\" custom_padding_last_edited=\"on|tablet\" animation_style=\"fade\" animation_direction=\"top\" title_font_size_tablet=\"\" title_font_size_phone=\"\" title_font_size_last_edited=\"on|desktop\" content_font_size_last_edited=\"off|phone\" subhead_font_tablet=\"\" subhead_font_phone=\"\" subhead_font_last_edited=\"on|desktop\" subhead_font_size_tablet=\"\" subhead_font_size_phone=\"\" subhead_font_size_last_edited=\"on|phone\" subhead_line_height_tablet=\"\"&hellip;","og_locale":"en_US","og_type":"article","og_title":"Yoga@GareMaritime","og_description":"Cours de yoga tous les vendredis de 12h15 \u00e0 13h15 \u00e0 la Maison de la Poste ( Gare Maritime). Avec la professeure Paulette Matkovic","og_url":"https:\/\/paulettematkovic.com\/en\/yoga-garemaritime\/","og_site_name":"Paulette Matkovic","article_publisher":"https:\/\/www.facebook.com\/yogatherapybrussels","article_modified_time":"2026-04-13T10:36:24+00:00","og_image":[{"width":700,"height":467,"url":"https:\/\/paulettematkovic.com\/wp-content\/uploads\/2018\/06\/feuille-pli\u00e9e-focus-Paulette-Martkovic-yoga.jpg","type":"image\/jpeg"}],"twitter_card":"summary_large_image","twitter_misc":{"Est. reading time":"2 minutes"},"schema":{"@context":"https:\/\/schema.org","@graph":[{"@type":"WebPage","@id":"https:\/\/paulettematkovic.com\/en\/yoga-garemaritime\/","url":"https:\/\/paulettematkovic.com\/en\/yoga-garemaritime\/","name":"Yoga@GareMaritime - Paulette Matkovic","isPartOf":{"@id":"https:\/\/paulettematkovic.com\/#website"},"primaryImageOfPage":{"@id":"https:\/\/paulettematkovic.com\/en\/yoga-garemaritime\/#primaryimage"},"image":{"@id":"https:\/\/paulettematkovic.com\/en\/yoga-garemaritime\/#primaryimage"},"thumbnailUrl":"https:\/\/paulettematkovic.com\/wp-content\/uploads\/2018\/06\/feuille-pli\u00e9e-focus-Paulette-Martkovic-yoga.jpg","datePublished":"2026-04-05T11:54:46+00:00","dateModified":"2026-04-13T10:36:24+00:00","description":"Cours de yoga tous les vendredis de 12h15 \u00e0 13h15 \u00e0 la Maison de la Poste ( Gare Maritime). Avec la professeure Paulette Matkovic","breadcrumb":{"@id":"https:\/\/paulettematkovic.com\/en\/yoga-garemaritime\/#breadcrumb"},"inLanguage":"en-US","potentialAction":[{"@type":"ReadAction","target":["https:\/\/paulettematkovic.com\/en\/yoga-garemaritime\/"]}]},{"@type":"ImageObject","inLanguage":"en-US","@id":"https:\/\/paulettematkovic.com\/en\/yoga-garemaritime\/#primaryimage","url":"https:\/\/paulettematkovic.com\/wp-content\/uploads\/2018\/06\/feuille-pli\u00e9e-focus-Paulette-Martkovic-yoga.jpg","contentUrl":"https:\/\/paulettematkovic.com\/wp-content\/uploads\/2018\/06\/feuille-pli\u00e9e-focus-Paulette-Martkovic-yoga.jpg","width":700,"height":467,"caption":"Paulette Matkovic. balasana"},{"@type":"BreadcrumbList","@id":"https:\/\/paulettematkovic.com\/en\/yoga-garemaritime\/#breadcrumb","itemListElement":[{"@type":"ListItem","position":1,"name":"Home","item":"https:\/\/paulettematkovic.com\/"},{"@type":"ListItem","position":2,"name":"Yoga@GareMaritime"}]},{"@type":"WebSite","@id":"https:\/\/paulettematkovic.com\/en\/#website","url":"https:\/\/paulettematkovic.com\/en\/","name":"Paulette Matkovic","description":"Find the confort of well-being","publisher":{"@id":"https:\/\/paulettematkovic.com\/en\/#\/schema\/person\/6901ac3f25453e43ba059c0e309fcf57"},"potentialAction":[{"@type":"SearchAction","target":{"@type":"EntryPoint","urlTemplate":"https:\/\/paulettematkovic.com\/en\/?s={search_term_string}"},"query-input":{"@type":"PropertyValueSpecification","valueRequired":true,"valueName":"search_term_string"}}],"inLanguage":"en-US"},{"@type":["Person","Organization"],"@id":"https:\/\/paulettematkovic.com\/en\/#\/schema\/person\/6901ac3f25453e43ba059c0e309fcf57","name":"Paulette Matkovic","image":{"@type":"ImageObject","inLanguage":"en-US","@id":"https:\/\/magenta-chimpanzee-501077.hostingersite.com\/wp-content\/uploads\/2020\/09\/aigle-rapproch\u00e9-scaled.jpg","url":"https:\/\/magenta-chimpanzee-501077.hostingersite.com\/wp-content\/uploads\/2020\/09\/aigle-rapproch\u00e9-scaled.jpg","contentUrl":"https:\/\/magenta-chimpanzee-501077.hostingersite.com\/wp-content\/uploads\/2020\/09\/aigle-rapproch\u00e9-scaled.jpg","width":2560,"height":1707,"caption":"Paulette Matkovic"},"logo":{"@id":"https:\/\/magenta-chimpanzee-501077.hostingersite.com\/wp-content\/uploads\/2020\/09\/aigle-rapproch\u00e9-scaled.jpg"},"description":"Yoga Th\u00e9rapeute form\u00e9e par le Dr Chandrasekaran","sameAs":["https:\/\/magenta-chimpanzee-501077.hostingersite.com","https:\/\/www.facebook.com\/yogatherapybrussels","https:\/\/www.instagram.com\/paulette_matkovic\/","https:\/\/be.linkedin.com\/in\/paulette-matkovic-5282aa145","https:\/\/www.facebook.com\/Paulette-Matkovic-Yoga-Therapy-103766801131187\/?modal=admin_todo_tour"]}]}},"_links":{"self":[{"href":"https:\/\/paulettematkovic.com\/en\/wp-json\/wp\/v2\/pages\/7815","targetHints":{"allow":["GET"]}}],"collection":[{"href":"https:\/\/paulettematkovic.com\/en\/wp-json\/wp\/v2\/pages"}],"about":[{"href":"https:\/\/paulettematkovic.com\/en\/wp-json\/wp\/v2\/types\/page"}],"author":[{"embeddable":true,"href":"https:\/\/paulettematkovic.com\/en\/wp-json\/wp\/v2\/users\/3"}],"replies":[{"embeddable":true,"href":"https:\/\/paulettematkovic.com\/en\/wp-json\/wp\/v2\/comments?post=7815"}],"version-history":[{"count":44,"href":"https:\/\/paulettematkovic.com\/en\/wp-json\/wp\/v2\/pages\/7815\/revisions"}],"predecessor-version":[{"id":7898,"href":"https:\/\/paulettematkovic.com\/en\/wp-json\/wp\/v2\/pages\/7815\/revisions\/7898"}],"wp:featuredmedia":[{"embeddable":true,"href":"https:\/\/paulettematkovic.com\/en\/wp-json\/wp\/v2\/media\/90"}],"wp:attachment":[{"href":"https:\/\/paulettematkovic.com\/en\/wp-json\/wp\/v2\/media?parent=7815"}],"curies":[{"name":"wp","href":"https:\/\/api.w.org\/{rel}","templated":true}]}}