{"id":4854,"date":"2022-07-30T09:25:47","date_gmt":"2022-07-30T09:25:47","guid":{"rendered":"https:\/\/paulettematkovic.com\/?page_id=4854"},"modified":"2023-05-02T13:52:40","modified_gmt":"2023-05-02T13:52:40","slug":"professeure-de-yoga","status":"publish","type":"page","link":"https:\/\/paulettematkovic.com\/en\/professeure-de-yoga\/","title":{"rendered":"Yoga teacher"},"content":{"rendered":"<p>[et_pb_section fb_built=\"1\" custom_padding_last_edited=\"on|phone\" admin_label=\"Hero\" _builder_version=\"4.18.0\" background_color=\"RGBA(255,255,255,0)\" use_background_color_gradient=\"on\" background_color_gradient_stops=\"#ffffff 0%|#faf4eb 100%\" custom_margin_last_edited=\"off|desktop\" custom_padding_tablet=\"||0px||false|false\" custom_padding_phone=\"||0px||false|false\" global_colors_info=\"{}\"][et_pb_row column_structure=\"1_2,1_2\" make_equal=\"on\" custom_padding_last_edited=\"off|phone\" disabled_on=\"off|off|off\" _builder_version=\"4.18.0\" background_enable_image=\"off\" custom_margin_last_edited=\"off|phone\" use_custom_width=\"on\" width_unit=\"off\" custom_width_percent=\"100%\" global_colors_info=\"{}\"][et_pb_column type=\"1_2\" _builder_version=\"4.18.0\" use_background_color_gradient=\"on\" background_color_gradient_direction=\"30deg\" background_color_gradient_stops=\"rgba(222,213,216,0.1) 0%|rgba(222,213,216,0.7) 100%\" background_color_gradient_overlays_image=\"on\" background_color_gradient_start=\"rgba(222,213,216,0.1)\" background_color_gradient_end=\"rgba(222,213,216,0.7)\" background_image=\"https:\/\/magenta-chimpanzee-501077.hostingersite.com\/wp-content\/uploads\/2022\/07\/Yt.webp\" custom_padding=\"|||\" custom_padding_last_edited=\"off|phone\" global_colors_info=\"{}\" custom_padding__hover=\"|||\"][\/et_pb_column][et_pb_column type=\"1_2\" _builder_version=\"4.18.0\" custom_padding_tablet=\"\" custom_padding_phone=\"\" custom_padding_last_edited=\"on|phone\" global_colors_info=\"{}\" padding_tablet=\"|10%||10%||true\" padding_last_edited=\"on|tablet\" custom_padding__hover=\"|||\" padding_phone=\"|10%||10%||true\"][et_pb_text _builder_version=\"4.18.0\" text_font_last_edited=\"off|phone\" header_2_font_last_edited=\"off|phone\" content_en_us=\"<\/p>\n<h2>Are you a yoga teacher and want to continue your training?<\/h2>\n<p>There is a growing body of scientific research that proves the benefits of yoga practice on health and well-being. If you teach yoga, knowing more about it can help you answer your students' questions and motivate them to practice.<\/p>\n<p>What are the benefits of nasal, abdominal breathing? What is the influence of the volume of our breath on our body? The answers to these questions, based on scientific research, could help you sort through the plethora of information available on the net and from there deepen your practice and teaching.<\/p>\n<p>And when you can make the link with what has been written in the classical texts of yoga (Hatha Yoga Pradipik\u00e2, the Yoga Sutras of Patanjali,...), the magic is recreated and you will have even more arguments to explain to your students how yoga is a complete practice based on centuries of experience.<\/p>\n<p><a href=%22https:\/\/magenta-chimpanzee-501077.hostingersite.com\/en\/elements-de-physiologie-de-la-respiration\/%22><\/a>No training in English at the moment? Do not hesitate to contact me.<\/p>\n<p>\" global_colors_info=\"{}\"]<\/p>\n<h2>Vous \u00eates professeur.e de yoga et d\u00e9sirez continuer \u00e0 vous former?<\/h2>\n<p>Il y a de plus en plus d'\u00e9tudes scientifiques qui prouvent les bienfaits de la pratique du yoga sur la sant\u00e9 et le bien-\u00eatre. Si vous enseignez le yoga, en conna\u00eetre plus pourrait vous aider \u00e0 r\u00e9pondre aux questions de vos \u00e9l\u00e8ves et aussi \u00e0 les motiver dans la pratique.<\/p>\n<p>Quels sont les bienfaits de la respiration nasale, abdominale? Quelle est l'influence du volume de notre respiration sur notre organisme? Les r\u00e9ponses \u00e0 ces questions, bas\u00e9es sur des recherches scientifiques, pourraient vous aider \u00e0 faire le tri sur tout ce qui se dit sur le yoga dans la pl\u00e9thore d'informations disponibles sur le net et \u00e0 partir de l\u00e0, approfondir votre pratique et votre enseignement.<\/p>\n<p>Et quand vous pourrez faire le lien avec ce qui a \u00e9t\u00e9 \u00e9crit dans les textes classiques du yoga (Hatha Yoga Prad\u00eepik\u00e2, les Yoga Sutras de Patanjali,..), la magie se recr\u00e9e et vous aurez encore plus d'arguments pour expliquer \u00e0 vos \u00e9l\u00e8ves combien le yoga est une pratique compl\u00e8te bas\u00e9e sur des si\u00e8cles d'exp\u00e9riences.<\/p>\n<p>[\/et_pb_text][et_pb_text _builder_version=\"4.18.0\" _module_preset=\"default\" global_colors_info=\"{}\"]<\/p>\n<h2>Calendrier des formations<\/h2>\n<div id=\"ConnectiveDocSignExtentionInstalled\" data-extension-version=\"1.0.4\"><\/div>\n<p>[\/et_pb_text][et_pb_text _builder_version=\"4.19.4\" _module_preset=\"default\" global_colors_info=\"{}\"]<\/p>\n<h4><span style=\"text-decoration: underline;\">Cours en pr\u00e9sentiel<\/span><\/h4>\n<div id=\"ConnectiveDocSignExtentionInstalled\" data-extension-version=\"1.0.4\"><\/div>\n<p>[\/et_pb_text][et_pb_accordion _builder_version=\"4.19.4\" _module_preset=\"default\" hover_enabled=\"0\" global_colors_info=\"{}\" sticky_enabled=\"0\"][et_pb_accordion_item title=\"Physiologie de la Respiration\" open=\"on\" _builder_version=\"4.19.4\" _module_preset=\"default\" hover_enabled=\"0\" global_colors_info=\"{}\" sticky_enabled=\"0\"]<\/p>\n<p>Prochaine date: liste d'attente pour la prochaine date, \u00e0 fixer. <a href=\"mailto:info@paulettematkovic.com\">Je m'inscris<\/a><\/p>\n<p><a href=\"https:\/\/magenta-chimpanzee-501077.hostingersite.com\/elements-de-physiologie-de-la-respiration\/\">Cours en pr\u00e9sentiel: 3h30 de formation. Th\u00e9orie et pratique. 85 euros<\/a><\/p>\n<p><a href=\"https:\/\/magenta-chimpanzee-501077.hostingersite.com\/elements-de-physiologie-de-la-respiration\/\">Plus d'info<\/a><\/p>\n<div id=\"ConnectiveDocSignExtentionInstalled\" data-extension-version=\"1.0.4\"><\/div>\n<p>[\/et_pb_accordion_item][et_pb_accordion_item title=\"Le yoga au regard de la Th\u00e9orie Polyvagale\" _builder_version=\"4.19.4\" _module_preset=\"default\" hover_enabled=\"0\" global_colors_info=\"{}\" open=\"off\" sticky_enabled=\"0\"]<\/p>\n<p>De 14h \u00e0 17h au Be Here, rue Dieudonn\u00e9 Lef\u00e8vre \u00e0 1020 Bruxelles<\/p>\n<p>Prix: 85 euros<\/p>\n<p>liste d'attente pour la prochaine date, \u00e0 fixer<\/p>\n<div id=\"ConnectiveDocSignExtentionInstalled\" data-extension-version=\"1.0.4\"><\/div>\n<p>[\/et_pb_accordion_item][\/et_pb_accordion][et_pb_button button_url=\"mailto:info@paulettematkovic.com\" button_text=\"Je m'inscris\" _builder_version=\"4.19.4\" _module_preset=\"default\" global_colors_info=\"{}\"][\/et_pb_button][et_pb_text _builder_version=\"4.19.4\" _module_preset=\"default\" global_colors_info=\"{}\"]<\/p>\n<h4><span style=\"text-decoration: underline;\">Cours en ligne<br \/><\/span><\/h4>\n<div id=\"ConnectiveDocSignExtentionInstalled\" data-extension-version=\"1.0.4\"><\/div>\n<p>[\/et_pb_text][et_pb_accordion _builder_version=\"4.19.4\" _module_preset=\"default\" global_colors_info=\"{}\"][et_pb_accordion_item title=\"El\u00e9ments de physiologie de la Respiration\" open=\"on\" _builder_version=\"4.19.4\" _module_preset=\"default\" global_colors_info=\"{}\"]<\/p>\n<p><a href=\"https:\/\/magenta-chimpanzee-501077.hostingersite.com\/ressources-en-ligne\/\">Cours en ligne: 1h de cours. 40 euros ( t\u00e9l\u00e9chargement possible pour un acc\u00e8s \u00e0 vie)<\/a><\/p>\n<div id=\"ConnectiveDocSignExtentionInstalled\" data-extension-version=\"1.0.4\"><\/div>\n<p>[\/et_pb_accordion_item][\/et_pb_accordion][et_pb_button button_url=\"https:\/\/youtu.be\/Yd0MhyX5ph0\" button_text=\"Je visionne l'introduction\" _builder_version=\"4.19.4\" _module_preset=\"default\" global_colors_info=\"{}\"][\/et_pb_button][et_pb_button button_url=\"https:\/\/magenta-chimpanzee-501077.hostingersite.com\/ressources-en-ligne\/\" button_text=\"J'ach\u00e8te le cours\" _builder_version=\"4.19.4\" _module_preset=\"default\" global_colors_info=\"{}\"][\/et_pb_button][\/et_pb_column][\/et_pb_row][\/et_pb_section][et_pb_section fb_built=\"1\" admin_label=\"About\" _builder_version=\"4.18.0\" background_color=\"#faf4eb\" background_enable_image=\"off\" background_size=\"initial\" background_position=\"top_left\" background_repeat=\"repeat\" custom_margin=\"0px||||false|false\" custom_padding=\"0px||||false|false\" global_colors_info=\"{}\"][et_pb_row column_structure=\"1_2,1_2\" make_equal=\"on\" _builder_version=\"4.18.0\" background_color=\"RGBA(255,255,255,0)\" use_custom_width=\"on\" width_unit=\"off\" custom_width_percent=\"100%\" global_colors_info=\"{}\"][et_pb_column type=\"1_2\" _builder_version=\"4.18.0\" background_enable_color=\"off\" custom_padding_phone=\"|||\" custom_padding_last_edited=\"off|desktop\" global_colors_info=\"{}\" padding_phone=\"|||\" padding_tablet=\"|10%||10%||true\" padding_last_edited=\"on|desktop\" custom_padding__hover=\"|||\"][et_pb_text _builder_version=\"4.18.0\" text_font=\"||||||||\" background_color=\"RGBA(255,255,255,0)\" custom_margin_tablet=\"|0%||0%||true\" custom_margin_phone=\"|||\" custom_margin_last_edited=\"on|tablet\" custom_padding=\"10px|10px|10px|10px|false|false\" custom_padding_last_edited=\"off|desktop\" animation_style=\"slide\" animation_direction=\"left\" animation_intensity_slide=\"2%\" header_font_size_tablet=\"70px\" header_font_size_phone=\"40px\" header_font_size_last_edited=\"on|desktop\" header_line_height_tablet=\"\" header_line_height_phone=\"1.5em\" header_line_height_last_edited=\"on|phone\" header_5_font_size_tablet=\"\" header_5_font_size_phone=\"18px\" header_5_font_size_last_edited=\"on|phone\" content_en_us=\"<\/p>\n<p><img src=%22https:\/\/magenta-chimpanzee-501077.hostingersite.com\/wp-content\/uploads\/2018\/06\/Photo-Paulette-300x200.jpg%22 alt=%22Photo Paulette%22 width=%22644%22 height=%22429%22 \/><\/p>\n<h2>Your teacher<\/h2>\n<p>Paulette Matkovic is a sociologist, yoga teacher, yogatherapist and specialist in trauma resolution, stress and anxiety (trained in somatic experiencing).<\/p>\n<ul>She is certified by the <\/p>\n<li><a href=%22https:\/\/www.iayt.org\/%22 data-et-target-link=%22_blanc%22>International Association of Yogatherapists<\/a><\/li>\n<li>by the <a href=%22https:\/\/www.yogainhealthcarealliance.com\/%22 data-et-target-link=%22_blanc%22>YIHA<\/a><\/li>\n<li>and the <a href=%22https:\/\/www.personalisedcareinstitute.org.uk\/%22 data-et-target-link=%22_blanc%22>Personalised Care Institute- UK<\/a><\/li>\n<\/ul>\n<p>\" box_shadow_style=\"preset3\" locked=\"off\" inline_fonts=\"Hammersmith One\" global_colors_info=\"{}\"]<\/p>\n<p><img loading=\"lazy\" decoding=\"async\" src=\"https:\/\/magenta-chimpanzee-501077.hostingersite.com\/wp-content\/uploads\/2018\/06\/Photo-Paulette-300x200.jpg\" alt=\"Photo Paulette\" width=\"644\" height=\"429\" \/><\/p>\n<h2>Votre formatrice<\/h2>\n<p>Paulette Matkovic est sociologue, professeure de yoga, yogath\u00e9rapeute et sp\u00e9cialis\u00e9e dans la r\u00e9solution des traumatismes, stress et anxi\u00e9t\u00e9 ( form\u00e9e en somatic experiencing)<\/p>\n<p>Elle est certifi\u00e9e par :<\/p>\n<ul>\n<li>l'<a href=\"https:\/\/www.iayt.org\/\" target=\"_blanc\" rel=\"noopener\">Association internationale des yogath\u00e9rapeutes<\/a><\/li>\n<li>par <a href=\"https:\/\/www.yogainhealthcarealliance.com\/\" target=\"_blanc\" rel=\"noopener\">YIHA<\/a><\/li>\n<li>et le <a href=\"https:\/\/www.personalisedcareinstitute.org.uk\/\" traget=\"_blanc\">Personalised Care Institute- UK<\/a><\/li>\n<li>Praticienne certifi\u00e9e en Somatic Experiencing<\/li>\n<\/ul>\n<p>[\/et_pb_text][\/et_pb_column][et_pb_column type=\"1_2\" _builder_version=\"4.18.0\" custom_padding_last_edited=\"off|desktop\" global_colors_info=\"{}\" custom_padding__hover=\"|||\"][et_pb_image src=\"https:\/\/magenta-chimpanzee-501077.hostingersite.com\/wp-content\/uploads\/2020\/03\/thumbnail.jpg\" alt=\"Trikonasana\" title_text=\"thumbnail\" align_tablet=\"center\" align_phone=\"\" align_last_edited=\"on|desktop\" _builder_version=\"4.18.0\" custom_margin=\"-6vw||||false|false\" custom_margin_tablet=\"0px|||\" custom_margin_phone=\"0px|||\" custom_margin_last_edited=\"on|desktop\" animation_style=\"fade\" border_width_all=\"30px\" border_color_all=\"#ffffff\" box_shadow_style=\"preset3\" global_colors_info=\"{}\"][\/et_pb_image][\/et_pb_column][\/et_pb_row][\/et_pb_section]<\/p>\n","protected":false},"excerpt":{"rendered":"excerpt","protected":false},"author":3,"featured_media":0,"parent":0,"menu_order":0,"comment_status":"closed","ping_status":"closed","template":"","meta":{"_et_pb_use_builder":"on","_et_pb_old_content":"","_et_gb_content_width":"","episode_type":"","audio_file":"","cover_image":"","cover_image_id":"","duration":"","filesize":"","date_recorded":"","explicit":"","block":"","filesize_raw":"","footnotes":""},"class_list":["post-4854","page","type-page","status-publish","hentry"],"yoast_head":"<!-- This site is optimized with the Yoast SEO plugin v25.4 - https:\/\/yoast.com\/wordpress\/plugins\/seo\/ -->\n<title>Yoga teacher<\/title>\n<meta name=\"robots\" content=\"index, follow, max-snippet:-1, max-image-preview:large, max-video-preview:-1\" \/>\n<meta property=\"og:locale\" content=\"en_US\" \/>\n<meta property=\"og:type\" content=\"article\" \/>\n<meta property=\"og:title\" content=\"Yoga teacher\" \/>\n<meta property=\"og:url\" content=\"https:\/\/paulettematkovic.com\/en\/professeure-de-yoga\/\" \/>\n<meta property=\"og:site_name\" content=\"Paulette Matkovic\" \/>\n<meta property=\"article:publisher\" content=\"https:\/\/www.facebook.com\/yogatherapybrussels\" \/>\n<meta property=\"article:modified_time\" content=\"2023-05-02T13:52:40+00:00\" \/>\n<meta property=\"og:image\" content=\"https:\/\/magenta-chimpanzee-501077.hostingersite.com\/wp-content\/uploads\/2018\/06\/Photo-Paulette-300x200.jpg\" \/>\n<meta name=\"twitter:card\" content=\"summary_large_image\" \/>\n<script type=\"application\/ld+json\" class=\"yoast-schema-graph\">{\"@context\":\"https:\/\/schema.org\",\"@graph\":[{\"@type\":\"WebPage\",\"@id\":\"https:\/\/paulettematkovic.com\/en\/professeure-de-yoga\/\",\"url\":\"https:\/\/paulettematkovic.com\/en\/professeure-de-yoga\/\",\"name\":\"Professeure de yoga - Paulette Matkovic\",\"isPartOf\":{\"@id\":\"https:\/\/paulettematkovic.com\/#website\"},\"primaryImageOfPage\":{\"@id\":\"https:\/\/paulettematkovic.com\/en\/professeure-de-yoga\/#primaryimage\"},\"image\":{\"@id\":\"https:\/\/paulettematkovic.com\/en\/professeure-de-yoga\/#primaryimage\"},\"thumbnailUrl\":\"https:\/\/magenta-chimpanzee-501077.hostingersite.com\/wp-content\/uploads\/2018\/06\/Photo-Paulette-300x200.jpg\",\"datePublished\":\"2022-07-30T09:25:47+00:00\",\"dateModified\":\"2023-05-02T13:52:40+00:00\",\"breadcrumb\":{\"@id\":\"https:\/\/paulettematkovic.com\/en\/professeure-de-yoga\/#breadcrumb\"},\"inLanguage\":\"en-US\",\"potentialAction\":[{\"@type\":\"ReadAction\",\"target\":[\"https:\/\/paulettematkovic.com\/en\/professeure-de-yoga\/\"]}]},{\"@type\":\"ImageObject\",\"inLanguage\":\"en-US\",\"@id\":\"https:\/\/paulettematkovic.com\/en\/professeure-de-yoga\/#primaryimage\",\"url\":\"https:\/\/magenta-chimpanzee-501077.hostingersite.com\/wp-content\/uploads\/2018\/06\/Photo-Paulette-300x200.jpg\",\"contentUrl\":\"https:\/\/magenta-chimpanzee-501077.hostingersite.com\/wp-content\/uploads\/2018\/06\/Photo-Paulette-300x200.jpg\"},{\"@type\":\"BreadcrumbList\",\"@id\":\"https:\/\/paulettematkovic.com\/en\/professeure-de-yoga\/#breadcrumb\",\"itemListElement\":[{\"@type\":\"ListItem\",\"position\":1,\"name\":\"Home\",\"item\":\"https:\/\/paulettematkovic.com\/\"},{\"@type\":\"ListItem\",\"position\":2,\"name\":\"Yoga teacher\"}]},{\"@type\":\"WebSite\",\"@id\":\"https:\/\/paulettematkovic.com\/en\/#website\",\"url\":\"https:\/\/paulettematkovic.com\/en\/\",\"name\":\"Paulette Matkovic\",\"description\":\"Find the confort of well-being\",\"publisher\":{\"@id\":\"https:\/\/paulettematkovic.com\/en\/#\/schema\/person\/6901ac3f25453e43ba059c0e309fcf57\"},\"potentialAction\":[{\"@type\":\"SearchAction\",\"target\":{\"@type\":\"EntryPoint\",\"urlTemplate\":\"https:\/\/paulettematkovic.com\/en\/?s={search_term_string}\"},\"query-input\":{\"@type\":\"PropertyValueSpecification\",\"valueRequired\":true,\"valueName\":\"search_term_string\"}}],\"inLanguage\":\"en-US\"},{\"@type\":[\"Person\",\"Organization\"],\"@id\":\"https:\/\/paulettematkovic.com\/en\/#\/schema\/person\/6901ac3f25453e43ba059c0e309fcf57\",\"name\":\"Paulette Matkovic\",\"image\":{\"@type\":\"ImageObject\",\"inLanguage\":\"en-US\",\"@id\":\"https:\/\/paulettematkovic.com\/#\/schema\/person\/image\/\",\"url\":\"https:\/\/magenta-chimpanzee-501077.hostingersite.com\/wp-content\/uploads\/2020\/09\/aigle-rapproch\u00e9-scaled.jpg\",\"contentUrl\":\"https:\/\/magenta-chimpanzee-501077.hostingersite.com\/wp-content\/uploads\/2020\/09\/aigle-rapproch\u00e9-scaled.jpg\",\"width\":2560,\"height\":1707,\"caption\":\"Paulette Matkovic\"},\"logo\":{\"@id\":\"https:\/\/paulettematkovic.com\/#\/schema\/person\/image\/\"},\"description\":\"Yoga Th\u00e9rapeute form\u00e9e par le Dr Chandrasekaran\",\"sameAs\":[\"https:\/\/magenta-chimpanzee-501077.hostingersite.com\",\"https:\/\/www.facebook.com\/yogatherapybrussels\",\"https:\/\/www.instagram.com\/paulette_matkovic\/\",\"https:\/\/be.linkedin.com\/in\/paulette-matkovic-5282aa145\",\"https:\/\/www.facebook.com\/Paulette-Matkovic-Yoga-Therapy-103766801131187\/?modal=admin_todo_tour\"]}]}<\/script>\n<!-- \/ Yoast SEO plugin. -->","yoast_head_json":{"title":"Yoga teacher","robots":{"index":"index","follow":"follow","max-snippet":"max-snippet:-1","max-image-preview":"max-image-preview:large","max-video-preview":"max-video-preview:-1"},"og_locale":"en_US","og_type":"article","og_title":"Yoga teacher","og_url":"https:\/\/paulettematkovic.com\/en\/professeure-de-yoga\/","og_site_name":"Paulette Matkovic","article_publisher":"https:\/\/www.facebook.com\/yogatherapybrussels","article_modified_time":"2023-05-02T13:52:40+00:00","og_image":[{"url":"https:\/\/magenta-chimpanzee-501077.hostingersite.com\/wp-content\/uploads\/2018\/06\/Photo-Paulette-300x200.jpg","type":"","width":"","height":""}],"twitter_card":"summary_large_image","schema":{"@context":"https:\/\/schema.org","@graph":[{"@type":"WebPage","@id":"https:\/\/paulettematkovic.com\/en\/professeure-de-yoga\/","url":"https:\/\/paulettematkovic.com\/en\/professeure-de-yoga\/","name":"Professeure de yoga - Paulette Matkovic","isPartOf":{"@id":"https:\/\/paulettematkovic.com\/#website"},"primaryImageOfPage":{"@id":"https:\/\/paulettematkovic.com\/en\/professeure-de-yoga\/#primaryimage"},"image":{"@id":"https:\/\/paulettematkovic.com\/en\/professeure-de-yoga\/#primaryimage"},"thumbnailUrl":"https:\/\/magenta-chimpanzee-501077.hostingersite.com\/wp-content\/uploads\/2018\/06\/Photo-Paulette-300x200.jpg","datePublished":"2022-07-30T09:25:47+00:00","dateModified":"2023-05-02T13:52:40+00:00","breadcrumb":{"@id":"https:\/\/paulettematkovic.com\/en\/professeure-de-yoga\/#breadcrumb"},"inLanguage":"en-US","potentialAction":[{"@type":"ReadAction","target":["https:\/\/paulettematkovic.com\/en\/professeure-de-yoga\/"]}]},{"@type":"ImageObject","inLanguage":"en-US","@id":"https:\/\/paulettematkovic.com\/en\/professeure-de-yoga\/#primaryimage","url":"https:\/\/magenta-chimpanzee-501077.hostingersite.com\/wp-content\/uploads\/2018\/06\/Photo-Paulette-300x200.jpg","contentUrl":"https:\/\/magenta-chimpanzee-501077.hostingersite.com\/wp-content\/uploads\/2018\/06\/Photo-Paulette-300x200.jpg"},{"@type":"BreadcrumbList","@id":"https:\/\/paulettematkovic.com\/en\/professeure-de-yoga\/#breadcrumb","itemListElement":[{"@type":"ListItem","position":1,"name":"Home","item":"https:\/\/paulettematkovic.com\/"},{"@type":"ListItem","position":2,"name":"Yoga teacher"}]},{"@type":"WebSite","@id":"https:\/\/paulettematkovic.com\/en\/#website","url":"https:\/\/paulettematkovic.com\/en\/","name":"Paulette Matkovic","description":"Find the confort of well-being","publisher":{"@id":"https:\/\/paulettematkovic.com\/en\/#\/schema\/person\/6901ac3f25453e43ba059c0e309fcf57"},"potentialAction":[{"@type":"SearchAction","target":{"@type":"EntryPoint","urlTemplate":"https:\/\/paulettematkovic.com\/en\/?s={search_term_string}"},"query-input":{"@type":"PropertyValueSpecification","valueRequired":true,"valueName":"search_term_string"}}],"inLanguage":"en-US"},{"@type":["Person","Organization"],"@id":"https:\/\/paulettematkovic.com\/en\/#\/schema\/person\/6901ac3f25453e43ba059c0e309fcf57","name":"Paulette Matkovic","image":{"@type":"ImageObject","inLanguage":"en-US","@id":"https:\/\/paulettematkovic.com\/#\/schema\/person\/image\/","url":"https:\/\/magenta-chimpanzee-501077.hostingersite.com\/wp-content\/uploads\/2020\/09\/aigle-rapproch\u00e9-scaled.jpg","contentUrl":"https:\/\/magenta-chimpanzee-501077.hostingersite.com\/wp-content\/uploads\/2020\/09\/aigle-rapproch\u00e9-scaled.jpg","width":2560,"height":1707,"caption":"Paulette Matkovic"},"logo":{"@id":"https:\/\/paulettematkovic.com\/#\/schema\/person\/image\/"},"description":"Yoga Th\u00e9rapeute form\u00e9e par le Dr Chandrasekaran","sameAs":["https:\/\/magenta-chimpanzee-501077.hostingersite.com","https:\/\/www.facebook.com\/yogatherapybrussels","https:\/\/www.instagram.com\/paulette_matkovic\/","https:\/\/be.linkedin.com\/in\/paulette-matkovic-5282aa145","https:\/\/www.facebook.com\/Paulette-Matkovic-Yoga-Therapy-103766801131187\/?modal=admin_todo_tour"]}]}},"_links":{"self":[{"href":"https:\/\/paulettematkovic.com\/en\/wp-json\/wp\/v2\/pages\/4854","targetHints":{"allow":["GET"]}}],"collection":[{"href":"https:\/\/paulettematkovic.com\/en\/wp-json\/wp\/v2\/pages"}],"about":[{"href":"https:\/\/paulettematkovic.com\/en\/wp-json\/wp\/v2\/types\/page"}],"author":[{"embeddable":true,"href":"https:\/\/paulettematkovic.com\/en\/wp-json\/wp\/v2\/users\/3"}],"replies":[{"embeddable":true,"href":"https:\/\/paulettematkovic.com\/en\/wp-json\/wp\/v2\/comments?post=4854"}],"version-history":[{"count":0,"href":"https:\/\/paulettematkovic.com\/en\/wp-json\/wp\/v2\/pages\/4854\/revisions"}],"wp:attachment":[{"href":"https:\/\/paulettematkovic.com\/en\/wp-json\/wp\/v2\/media?parent=4854"}],"curies":[{"name":"wp","href":"https:\/\/api.w.org\/{rel}","templated":true}]}}