{"id":232,"date":"2018-07-02T13:53:55","date_gmt":"2018-07-02T13:53:55","guid":{"rendered":"https:\/\/paulettematkovic.com\/?page_id=232"},"modified":"2026-01-09T15:29:06","modified_gmt":"2026-01-09T15:29:06","slug":"contact","status":"publish","type":"page","link":"https:\/\/paulettematkovic.com\/en\/contact\/","title":{"rendered":"Contact"},"content":{"rendered":"<p>[et_pb_section fb_built=\"1\" fullwidth=\"on\" admin_label=\"Header\" _builder_version=\"4.18.0\" background_color=\"#b7b9c7\" saved_tabs=\"all\" locked=\"off\" global_colors_info=\"{}\"][et_pb_fullwidth_header title=\"Une question ?\" subhead=\"N'h\u00e9sitez pas \u00e0 r\u00e9server en ligne ou \u00e0 me contacter pour plus d'informations\" text_orientation=\"center\" background_overlay_color=\"rgba(0,0,0,0)\" _builder_version=\"4.18.0\" title_text_align=\"center\" subhead_text_align=\"center\" background_color=\"rgba(255,255,255,0)\" background_image=\"\/\/i0.wp.com\/paulettematkovic.com\/wp-content\/uploads\/2018\/08\/lavender-1117275__340.jpg\" background_position=\"top_left\" custom_margin=\"|||\" custom_padding_last_edited=\"off|desktop\" animation_style=\"fade\" animation_direction=\"top\" title_font_size_tablet=\"40px\" title_font_size_phone=\"\" title_font_size_last_edited=\"on|tablet\" subhead_font_size_tablet=\"\" subhead_font_size_phone=\"20px\" subhead_font_size_last_edited=\"on|desktop\" subhead_line_height_tablet=\"\" subhead_line_height_phone=\"1.5em\" subhead_line_height_last_edited=\"on|phone\" button_one_text_color_hover=\"#ffffff\" button_one_border_color_hover=\"#ff9e59\" button_one_border_radius_hover=\"100px\" button_one_bg_color_hover=\"#ff9e59\" global_colors_info=\"{}\" button_one_text_size__hover_enabled=\"off\" button_two_text_size__hover_enabled=\"off\" button_one_text_color__hover_enabled=\"on\" button_one_text_color__hover=\"#ffffff\" button_two_text_color__hover_enabled=\"off\" button_one_border_width__hover_enabled=\"off\" button_two_border_width__hover_enabled=\"off\" button_one_border_color__hover_enabled=\"on\" button_one_border_color__hover=\"#ff9e59\" button_two_border_color__hover_enabled=\"off\" button_one_border_radius__hover_enabled=\"on\" button_one_border_radius__hover=\"100px\" button_two_border_radius__hover_enabled=\"off\" button_one_letter_spacing__hover_enabled=\"off\" button_two_letter_spacing__hover_enabled=\"off\" button_one_bg_color__hover_enabled=\"on\" button_one_bg_color__hover=\"#ff9e59\" button_two_bg_color__hover_enabled=\"off\"][\/et_pb_fullwidth_header][\/et_pb_section][et_pb_section fb_built=\"1\" _builder_version=\"4.27.4\" _module_preset=\"default\" global_colors_info=\"{}\"][et_pb_row _builder_version=\"4.27.4\" _module_preset=\"default\" global_colors_info=\"{}\"][et_pb_column type=\"4_4\" _builder_version=\"4.27.4\" _module_preset=\"default\" global_colors_info=\"{}\"][et_pb_text _builder_version=\"4.27.4\" _module_preset=\"default\" hover_enabled=\"0\" global_colors_info=\"{}\" sticky_enabled=\"0\"]<\/p>\n<p>Paulette Matkovic<\/p>\n<p><a href=\"mailto:info@paulettematkovic.com\">info@paulettematkovic.com<\/a><\/p>\n<p>+32 488 412690<\/p>\n<p>Consultations:<a href=\"https:\/\/www.google.com\/maps\/dir\/BE-HERE,+Rue+Dieudonn%C3%A9+Lef%C3%A8vre,+Bruxelles\/Rue+Dieudonn%C3%A9+Lef%C3%A8vre+4,+1020+Bruxelles\/@50.8560938,4.3483136,14z\/data=!3m1!4b1!4m13!4m12!1m5!1m1!1s0x47c3c309ea18d785:0x9a95a06f72f14fb2!2m2!1d4.3485041!2d50.8708469!1m5!1m1!1s0x47c3c309ea18d785:0x9a95a06f72f14fb2!2m2!1d4.3485041!2d50.8708469?entry=ttu&amp;g_ep=EgoyMDI1MTIwOS4wIKXMDSoKLDEwMDc5MjA3M0gBUAM%3D\"> rue Dieudonn\u00e9 Lef\u00e8vre, 4 1020 Bruxelles, Belgium<\/a><\/p>\n<p>&nbsp;<\/p>\n<p>[\/et_pb_text][et_pb_code _builder_version=\"4.27.4\" _module_preset=\"default\" hover_enabled=\"0\" sticky_enabled=\"0\"]<!-- Doctoranytime BookAppointment Widget --><link rel=\"stylesheet\" type=\"text\/css\" href=\"https:\/\/www.doctoranytime.be\/dist\/vite\/tw-public-doctor-widget-book-appointment.DzcVnP6r.css\">\n<div class=\"doctoranytime-widget\" data-doctoranytime-widget=\"\">\n<div class=\"flex flex-col md:flex-row place-content-between bg-white shadow-floating p-4 m-4 rounded-md\">\n<div class=\"flex flex-col md:flex-row md:gap-6 items-start md:items-center\"> <a href=\"https:\/\/www.doctoranytime.be\" target=\"_blank\"> <img decoding=\"async\" src=\"https:\/\/www.doctoranytime.be\/images\/logo-rebranding.svg\" alt=\"doctoranytime\" width=\"66\"> <\/a> <pee class=\"text-1624 text-gray-800 my-4 md:m-0\"> Consultez les disponibilit\u00e9s et prenez facilement rendez-vous en ligne ! <\/pee> <\/div>\n<p> <a target=\"_blank\" class=\"dat-button button-blue md:max-w-fit dat-button--primary dat-button--solid dat-button--full\" href=\"https:\/\/www.doctoranytime.be\/d\/therapeute\/paulette-matkovic?crm-widget=book-appointment\"> <span class=\"dat-button__spinner\"><span><\/span><\/span> <span class=\"dat-button__text\"> Prendre rendez-vous <\/span> <\/a> <\/div>\n<\/p><\/div>\n<p><!-- Doctoranytime BookAppointment Widget -->[\/et_pb_code][\/et_pb_column][\/et_pb_row][\/et_pb_section][et_pb_section fb_built=\"1\" admin_label=\"Contact Form Section\" _builder_version=\"4.16\" custom_padding=\"90px||90px|\" global_colors_info=\"{}\"][et_pb_row admin_label=\"Section Title\" _builder_version=\"4.18.0\" use_custom_width=\"on\" global_colors_info=\"{}\"][et_pb_column type=\"4_4\" _builder_version=\"4.16\" custom_padding=\"|||\" global_colors_info=\"{}\" custom_padding__hover=\"|||\"][et_pb_text admin_label=\"Title\" _builder_version=\"4.18.0\" text_font=\"||||||||\" header_font=\"||||||||\" header_2_text_align=\"center\" text_orientation=\"center\" animation_style=\"slide\" animation_direction=\"top\" animation_intensity_slide=\"20%\" animation_starting_opacity=\"100%\" global_colors_info=\"{}\"]<\/p>\n<h2>Formulaire de contact<\/h2>\n<p>[\/et_pb_text][\/et_pb_column][\/et_pb_row][et_pb_row admin_label=\"Contact Form Area\" _builder_version=\"4.16\" global_colors_info=\"{}\"][et_pb_column type=\"4_4\" _builder_version=\"4.16\" custom_padding=\"|||\" global_colors_info=\"{}\" custom_padding__hover=\"|||\"][et_pb_text module_id=\"et_pb_contact_form_0\" _builder_version=\"4.19.4\" _module_preset=\"default\" global_colors_info=\"{}\"]\n<div class=\"wpcf7 no-js\" id=\"wpcf7-f5602-o1\" lang=\"fr-FR\" dir=\"ltr\" data-wpcf7-id=\"5602\">\n<div class=\"screen-reader-response\"><p role=\"status\" aria-live=\"polite\" aria-atomic=\"true\"><\/p> <ul><\/ul><\/div>\n<form action=\"\/en\/wp-json\/wp\/v2\/pages\/232#wpcf7-f5602-o1\" method=\"post\" class=\"wpcf7-form init\" aria-label=\"Formulaire de contact\" novalidate=\"novalidate\" data-status=\"init\">\n<fieldset class=\"hidden-fields-container\"><input type=\"hidden\" name=\"_wpcf7\" value=\"5602\" \/><input type=\"hidden\" name=\"_wpcf7_version\" value=\"6.1\" \/><input type=\"hidden\" name=\"_wpcf7_locale\" value=\"fr_FR\" \/><input type=\"hidden\" name=\"_wpcf7_unit_tag\" value=\"wpcf7-f5602-o1\" \/><input type=\"hidden\" name=\"_wpcf7_container_post\" value=\"0\" \/><input type=\"hidden\" name=\"_wpcf7_posted_data_hash\" value=\"\" \/><input type=\"hidden\" name=\"_wpcf7_recaptcha_response\" value=\"\" \/>\n<\/fieldset>\n<div id=\"formulaire-responsive\" class=\"clearfix\">\n\t<div class=\"rang-form\">\n\t\t<div class=\"demi-colonne\">\n\t\t\t<p><label for=\"your-firstname\">Votre pr\u00e9nom<\/label><br \/>\n<span class=\"wpcf7-form-control-wrap\" data-name=\"your-firstname\"><input size=\"40\" maxlength=\"400\" class=\"wpcf7-form-control wpcf7-text wpcf7-validates-as-required\" autocomplete=\"firstname\" aria-required=\"true\" aria-invalid=\"false\" value=\"\" type=\"text\" name=\"your-firstname\" \/><\/span>\n\t\t\t<\/p>\n\t\t<\/div>\n\t\t<div class=\"demi-colonne\">\n\t\t\t<p><label for=\"your-name\">Votre nom<\/label><br \/>\n<span class=\"wpcf7-form-control-wrap\" data-name=\"your-name\"><input size=\"40\" maxlength=\"400\" class=\"wpcf7-form-control wpcf7-text wpcf7-validates-as-required\" autocomplete=\"name\" aria-required=\"true\" aria-invalid=\"false\" value=\"\" type=\"text\" name=\"your-name\" \/><\/span>\n\t\t\t<\/p>\n\t\t<\/div>\n\t<\/div>\n\t<div class=\"rang-form\">\n\t\t<div class=\"demi-colonne\">\n\t\t\t<p><label for=\"your-email\">Email<\/label><br \/>\n<span class=\"wpcf7-form-control-wrap\" data-name=\"your-email\"><input size=\"40\" maxlength=\"400\" class=\"wpcf7-form-control wpcf7-email wpcf7-validates-as-required wpcf7-text wpcf7-validates-as-email\" autocomplete=\"email\" aria-required=\"true\" aria-invalid=\"false\" value=\"\" type=\"email\" name=\"your-email\" \/><\/span>\n\t\t\t<\/p>\n\t\t<\/div>\n\t\t<div class=\"demi-colonne\">\n\t\t\t<p><label for=\"your-postalcode\">Code Postal<\/label><br \/>\n<span class=\"wpcf7-form-control-wrap\" data-name=\"your-postalcode\"><input size=\"40\" maxlength=\"400\" class=\"wpcf7-form-control wpcf7-text wpcf7-validates-as-required\" autocomplete=\"postalcode\" aria-required=\"true\" aria-invalid=\"false\" value=\"\" type=\"text\" name=\"your-postalcode\" \/><\/span>\n\t\t\t<\/p>\n\t\t<\/div>\n\t<\/div>\n\t<div class=\"rang-form\">\n\t\t<div class=\"colonne\">\n\t\t\t<p><label for=\"your-subject\">Sujet<\/label><br \/>\n<span class=\"wpcf7-form-control-wrap\" data-name=\"your-subject\"><input size=\"40\" maxlength=\"400\" class=\"wpcf7-form-control wpcf7-text wpcf7-validates-as-required\" aria-required=\"true\" aria-invalid=\"false\" value=\"\" type=\"text\" name=\"your-subject\" \/><\/span>\n\t\t\t<\/p>\n\t\t<\/div>\n\t<\/div>\n\t<div class=\"rang-form\">\n\t\t<div class=\"colonne\">\n\t\t\t<p><label for=\"your-message\">Votre message (facultatif)<\/label><br \/>\n<span class=\"wpcf7-form-control-wrap\" data-name=\"your-message\"><textarea cols=\"40\" rows=\"10\" maxlength=\"2000\" class=\"wpcf7-form-control wpcf7-textarea\" aria-invalid=\"false\" name=\"your-message\"><\/textarea><\/span>\n\t\t\t<\/p>\n\t\t<\/div>\n\t<\/div>\n\t<div class=\"rang-form\">\n\t\t<div class=\"colonne\">\n\t\t\t<p><!-- Mailchimp for WordPress v4.10.5 - https:\/\/www.mc4wp.com\/ --><input type=\"hidden\" name=\"_mc4wp_subscribe_contact-form-7\" value=\"0\" \/><span class=\"mc4wp-checkbox mc4wp-checkbox-contact-form-7 \"><label><input type=\"checkbox\" name=\"_mc4wp_subscribe_contact-form-7\" value=\"1\" ><span>Inscrivez-vous pour recevoir notre lettre d'information !<\/span><\/label><\/span><!-- \/ Mailchimp for WordPress -->\n\t\t\t<\/p>\n\t\t<\/div>\n\t<\/div>\n\t<div class=\"rang-form\">\n\t\t<div class=\"colonne\">\n\t\t\t<p><span id=\"wpcf7-69dac0af3d97c-wrapper\" class=\"wpcf7-form-control-wrap trap-email-wrap\" style=\"display:none !important; visibility:hidden !important;\"><label for=\"wpcf7-69dac0af3d97c-field\" class=\"hp-message\">Veuillez laisser ce champ vide.<\/label><input id=\"wpcf7-69dac0af3d97c-field\"  class=\"wpcf7-form-control wpcf7-text\" type=\"text\" name=\"trap-email\" value=\"\" size=\"40\" tabindex=\"-1\" autocomplete=\"new-password\" \/><\/span>\n\t\t\t<\/p>\n\t\t<\/div>\n\t<\/div>\n\t<div class=\"rang-form\">\n\t\t<div class=\"colonne\">\n\t\t\t<p class=\"et_pb_button_module_wrapper\"><br \/>\n<input class=\"wpcf7-form-control wpcf7-submit has-spinner et_pb_button\" type=\"submit\" value=\"Envoyer \u00bb\" \/>\n\t\t\t<\/p>\n\t\t<\/div>\n\t<\/div>\n<\/div><p style=\"display: none !important;\" class=\"akismet-fields-container\" data-prefix=\"_wpcf7_ak_\"><label>&#916;<textarea name=\"_wpcf7_ak_hp_textarea\" cols=\"45\" rows=\"8\" maxlength=\"100\"><\/textarea><\/label><input type=\"hidden\" id=\"ak_js_1\" name=\"_wpcf7_ak_js\" value=\"114\"\/><script>document.getElementById( \"ak_js_1\" ).setAttribute( \"value\", ( new Date() ).getTime() );<\/script><\/p><div class=\"wpcf7-response-output\" aria-hidden=\"true\"><\/div>\n<\/form>\n<\/div>\n[\/et_pb_text][\/et_pb_column][\/et_pb_row][\/et_pb_section][et_pb_section fb_built=\"1\" admin_label=\"Contact Form Section\" module_id=\"retirer\" _builder_version=\"4.16\" custom_padding=\"0||90px||false|false\" custom_css_main_element=\"display:none;\" saved_tabs=\"all\" global_colors_info=\"{}\"][et_pb_row _builder_version=\"4.16\" custom_padding=\"93px|0px|27px|0px|false|false\" global_colors_info=\"{}\"][et_pb_column type=\"4_4\" _builder_version=\"4.16\" custom_padding=\"|||\" global_colors_info=\"{}\" custom_padding__hover=\"|||\"][et_pb_code module_id=\"retirer\" _builder_version=\"4.16\" custom_css_main_element=\"display: none;\" global_colors_info=\"{}\"][booking nummonths=2 options='{calendar months_num_in_row=2 width=600px cell_height=40px}'][\/et_pb_code][\/et_pb_column][\/et_pb_row][\/et_pb_section]<\/p>\n","protected":false},"excerpt":{"rendered":"excerpt","protected":false},"author":3,"featured_media":0,"parent":0,"menu_order":0,"comment_status":"closed","ping_status":"closed","template":"","meta":{"_et_pb_use_builder":"on","_et_pb_old_content":"","_et_gb_content_width":"","episode_type":"","audio_file":"","cover_image":"","cover_image_id":"","duration":"","filesize":"","date_recorded":"","explicit":"","block":"","filesize_raw":"","footnotes":""},"class_list":["post-232","page","type-page","status-publish","hentry"],"yoast_head":"<!-- This site is optimized with the Yoast SEO plugin v25.4 - https:\/\/yoast.com\/wordpress\/plugins\/seo\/ -->\n<title>Contact<\/title>\n<meta name=\"robots\" content=\"index, follow, max-snippet:-1, max-image-preview:large, max-video-preview:-1\" \/>\n<meta property=\"og:locale\" content=\"en_US\" \/>\n<meta property=\"og:type\" content=\"article\" \/>\n<meta property=\"og:title\" content=\"Contact\" \/>\n<meta property=\"og:url\" content=\"https:\/\/paulettematkovic.com\/en\/contact\/\" \/>\n<meta property=\"og:site_name\" content=\"Paulette Matkovic\" \/>\n<meta property=\"article:publisher\" content=\"https:\/\/www.facebook.com\/yogatherapybrussels\" \/>\n<meta property=\"article:modified_time\" content=\"2026-01-09T15:29:06+00:00\" \/>\n<meta property=\"og:image\" content=\"https:\/\/www.doctoranytime.be\/images\/logo-rebranding.svg\" \/>\n<meta name=\"twitter:card\" content=\"summary_large_image\" \/>\n<meta name=\"twitter:label1\" content=\"Est. reading time\" \/>\n\t<meta name=\"twitter:data1\" content=\"2 minutes\" \/>\n<script type=\"application\/ld+json\" class=\"yoast-schema-graph\">{\"@context\":\"https:\/\/schema.org\",\"@graph\":[{\"@type\":\"WebPage\",\"@id\":\"https:\/\/paulettematkovic.com\/en\/contact\/\",\"url\":\"https:\/\/paulettematkovic.com\/en\/contact\/\",\"name\":\"Contact - Paulette Matkovic\",\"isPartOf\":{\"@id\":\"https:\/\/paulettematkovic.com\/#website\"},\"primaryImageOfPage\":{\"@id\":\"https:\/\/paulettematkovic.com\/en\/contact\/#primaryimage\"},\"image\":{\"@id\":\"https:\/\/paulettematkovic.com\/en\/contact\/#primaryimage\"},\"thumbnailUrl\":\"https:\/\/www.doctoranytime.be\/images\/logo-rebranding.svg\",\"datePublished\":\"2018-07-02T13:53:55+00:00\",\"dateModified\":\"2026-01-09T15:29:06+00:00\",\"description\":\"Besoin de plus d\u2019information sur les cours collectifs ou la Yoga Th\u00e9rapie ? N'h\u00e9sitez pas \u00e0 r\u00e9server en ligne ou \u00e0 me contacter pour plus d'informations.\",\"breadcrumb\":{\"@id\":\"https:\/\/paulettematkovic.com\/en\/contact\/#breadcrumb\"},\"inLanguage\":\"en-US\",\"potentialAction\":[{\"@type\":\"ReadAction\",\"target\":[\"https:\/\/paulettematkovic.com\/en\/contact\/\"]}]},{\"@type\":\"ImageObject\",\"inLanguage\":\"en-US\",\"@id\":\"https:\/\/paulettematkovic.com\/en\/contact\/#primaryimage\",\"url\":\"https:\/\/www.doctoranytime.be\/images\/logo-rebranding.svg\",\"contentUrl\":\"https:\/\/www.doctoranytime.be\/images\/logo-rebranding.svg\"},{\"@type\":\"BreadcrumbList\",\"@id\":\"https:\/\/paulettematkovic.com\/en\/contact\/#breadcrumb\",\"itemListElement\":[{\"@type\":\"ListItem\",\"position\":1,\"name\":\"Home\",\"item\":\"https:\/\/paulettematkovic.com\/\"},{\"@type\":\"ListItem\",\"position\":2,\"name\":\"Contact\"}]},{\"@type\":\"WebSite\",\"@id\":\"https:\/\/paulettematkovic.com\/en\/#website\",\"url\":\"https:\/\/paulettematkovic.com\/en\/\",\"name\":\"Paulette Matkovic\",\"description\":\"Retrouvez le confort du Bien-\u00eatre\",\"publisher\":{\"@id\":\"https:\/\/paulettematkovic.com\/en\/#\/schema\/person\/6901ac3f25453e43ba059c0e309fcf57\"},\"potentialAction\":[{\"@type\":\"SearchAction\",\"target\":{\"@type\":\"EntryPoint\",\"urlTemplate\":\"https:\/\/paulettematkovic.com\/en\/?s={search_term_string}\"},\"query-input\":{\"@type\":\"PropertyValueSpecification\",\"valueRequired\":true,\"valueName\":\"search_term_string\"}}],\"inLanguage\":\"en-US\"},{\"@type\":[\"Person\",\"Organization\"],\"@id\":\"https:\/\/paulettematkovic.com\/en\/#\/schema\/person\/6901ac3f25453e43ba059c0e309fcf57\",\"name\":\"Paulette Matkovic\",\"image\":{\"@type\":\"ImageObject\",\"inLanguage\":\"en-US\",\"@id\":\"https:\/\/paulettematkovic.com\/#\/schema\/person\/image\/\",\"url\":\"https:\/\/magenta-chimpanzee-501077.hostingersite.com\/wp-content\/uploads\/2020\/09\/aigle-rapproch\u00e9-scaled.jpg\",\"contentUrl\":\"https:\/\/magenta-chimpanzee-501077.hostingersite.com\/wp-content\/uploads\/2020\/09\/aigle-rapproch\u00e9-scaled.jpg\",\"width\":2560,\"height\":1707,\"caption\":\"Paulette Matkovic\"},\"logo\":{\"@id\":\"https:\/\/paulettematkovic.com\/#\/schema\/person\/image\/\"},\"description\":\"Yoga Th\u00e9rapeute form\u00e9e par le Dr Chandrasekaran\",\"sameAs\":[\"https:\/\/magenta-chimpanzee-501077.hostingersite.com\",\"https:\/\/www.facebook.com\/yogatherapybrussels\",\"https:\/\/www.instagram.com\/paulette_matkovic\/\",\"https:\/\/be.linkedin.com\/in\/paulette-matkovic-5282aa145\",\"https:\/\/www.facebook.com\/Paulette-Matkovic-Yoga-Therapy-103766801131187\/?modal=admin_todo_tour\"]}]}<\/script>\n<!-- \/ Yoast SEO plugin. -->","yoast_head_json":{"title":"Contact","robots":{"index":"index","follow":"follow","max-snippet":"max-snippet:-1","max-image-preview":"max-image-preview:large","max-video-preview":"max-video-preview:-1"},"og_locale":"en_US","og_type":"article","og_title":"Contact","og_url":"https:\/\/paulettematkovic.com\/en\/contact\/","og_site_name":"Paulette Matkovic","article_publisher":"https:\/\/www.facebook.com\/yogatherapybrussels","article_modified_time":"2026-01-09T15:29:06+00:00","og_image":[{"url":"https:\/\/www.doctoranytime.be\/images\/logo-rebranding.svg","type":"","width":"","height":""}],"twitter_card":"summary_large_image","twitter_misc":{"Est. reading time":"2 minutes"},"schema":{"@context":"https:\/\/schema.org","@graph":[{"@type":"WebPage","@id":"https:\/\/paulettematkovic.com\/en\/contact\/","url":"https:\/\/paulettematkovic.com\/en\/contact\/","name":"Contact - Paulette Matkovic","isPartOf":{"@id":"https:\/\/paulettematkovic.com\/#website"},"primaryImageOfPage":{"@id":"https:\/\/paulettematkovic.com\/en\/contact\/#primaryimage"},"image":{"@id":"https:\/\/paulettematkovic.com\/en\/contact\/#primaryimage"},"thumbnailUrl":"https:\/\/www.doctoranytime.be\/images\/logo-rebranding.svg","datePublished":"2018-07-02T13:53:55+00:00","dateModified":"2026-01-09T15:29:06+00:00","description":"Besoin de plus d\u2019information sur les cours collectifs ou la Yoga Th\u00e9rapie ? N'h\u00e9sitez pas \u00e0 r\u00e9server en ligne ou \u00e0 me contacter pour plus d'informations.","breadcrumb":{"@id":"https:\/\/paulettematkovic.com\/en\/contact\/#breadcrumb"},"inLanguage":"en-US","potentialAction":[{"@type":"ReadAction","target":["https:\/\/paulettematkovic.com\/en\/contact\/"]}]},{"@type":"ImageObject","inLanguage":"en-US","@id":"https:\/\/paulettematkovic.com\/en\/contact\/#primaryimage","url":"https:\/\/www.doctoranytime.be\/images\/logo-rebranding.svg","contentUrl":"https:\/\/www.doctoranytime.be\/images\/logo-rebranding.svg"},{"@type":"BreadcrumbList","@id":"https:\/\/paulettematkovic.com\/en\/contact\/#breadcrumb","itemListElement":[{"@type":"ListItem","position":1,"name":"Home","item":"https:\/\/paulettematkovic.com\/"},{"@type":"ListItem","position":2,"name":"Contact"}]},{"@type":"WebSite","@id":"https:\/\/paulettematkovic.com\/en\/#website","url":"https:\/\/paulettematkovic.com\/en\/","name":"Paulette Matkovic","description":"Retrouvez le confort du Bien-\u00eatre","publisher":{"@id":"https:\/\/paulettematkovic.com\/en\/#\/schema\/person\/6901ac3f25453e43ba059c0e309fcf57"},"potentialAction":[{"@type":"SearchAction","target":{"@type":"EntryPoint","urlTemplate":"https:\/\/paulettematkovic.com\/en\/?s={search_term_string}"},"query-input":{"@type":"PropertyValueSpecification","valueRequired":true,"valueName":"search_term_string"}}],"inLanguage":"en-US"},{"@type":["Person","Organization"],"@id":"https:\/\/paulettematkovic.com\/en\/#\/schema\/person\/6901ac3f25453e43ba059c0e309fcf57","name":"Paulette Matkovic","image":{"@type":"ImageObject","inLanguage":"en-US","@id":"https:\/\/paulettematkovic.com\/#\/schema\/person\/image\/","url":"https:\/\/magenta-chimpanzee-501077.hostingersite.com\/wp-content\/uploads\/2020\/09\/aigle-rapproch\u00e9-scaled.jpg","contentUrl":"https:\/\/magenta-chimpanzee-501077.hostingersite.com\/wp-content\/uploads\/2020\/09\/aigle-rapproch\u00e9-scaled.jpg","width":2560,"height":1707,"caption":"Paulette Matkovic"},"logo":{"@id":"https:\/\/paulettematkovic.com\/#\/schema\/person\/image\/"},"description":"Yoga Th\u00e9rapeute form\u00e9e par le Dr Chandrasekaran","sameAs":["https:\/\/magenta-chimpanzee-501077.hostingersite.com","https:\/\/www.facebook.com\/yogatherapybrussels","https:\/\/www.instagram.com\/paulette_matkovic\/","https:\/\/be.linkedin.com\/in\/paulette-matkovic-5282aa145","https:\/\/www.facebook.com\/Paulette-Matkovic-Yoga-Therapy-103766801131187\/?modal=admin_todo_tour"]}]}},"_links":{"self":[{"href":"https:\/\/paulettematkovic.com\/en\/wp-json\/wp\/v2\/pages\/232","targetHints":{"allow":["GET"]}}],"collection":[{"href":"https:\/\/paulettematkovic.com\/en\/wp-json\/wp\/v2\/pages"}],"about":[{"href":"https:\/\/paulettematkovic.com\/en\/wp-json\/wp\/v2\/types\/page"}],"author":[{"embeddable":true,"href":"https:\/\/paulettematkovic.com\/en\/wp-json\/wp\/v2\/users\/3"}],"replies":[{"embeddable":true,"href":"https:\/\/paulettematkovic.com\/en\/wp-json\/wp\/v2\/comments?post=232"}],"version-history":[{"count":2,"href":"https:\/\/paulettematkovic.com\/en\/wp-json\/wp\/v2\/pages\/232\/revisions"}],"predecessor-version":[{"id":7579,"href":"https:\/\/paulettematkovic.com\/en\/wp-json\/wp\/v2\/pages\/232\/revisions\/7579"}],"wp:attachment":[{"href":"https:\/\/paulettematkovic.com\/en\/wp-json\/wp\/v2\/media?parent=232"}],"curies":[{"name":"wp","href":"https:\/\/api.w.org\/{rel}","templated":true}]}}