{"id":169,"date":"2018-07-01T17:23:41","date_gmt":"2018-07-01T17:23:41","guid":{"rendered":"https:\/\/paulettematkovic.com\/?page_id=169"},"modified":"2026-01-22T17:22:35","modified_gmt":"2026-01-22T17:22:35","slug":"workshops","status":"publish","type":"page","link":"https:\/\/paulettematkovic.com\/en\/workshops\/","title":{"rendered":"Workshops"},"content":{"rendered":"<p>[et_pb_section fb_built=\"1\" fullwidth=\"on\" admin_label=\"Header\" _builder_version=\"4.16\" background_color=\"#b7b9c7\" custom_padding=\"0px|0|0px|0px|false|false\" locked=\"off\" global_colors_info=\"{}\"][et_pb_fullwidth_header title=\"A venir\" subhead=\"Conf\u00e9rences, ateliers, stages,....vivez une exp\u00e9rience ressour\u00e7ante\" text_orientation=\"center\" background_overlay_color=\"rgba(83,90,128,0.3)\" content_max_width=\"90%\" _builder_version=\"4.18.0\" title_text_align=\"center\" subhead_font=\"|||on|||||\" subhead_text_align=\"center\" background_color=\"rgba(255,255,255,0)\" background_image=\"\/\/i0.wp.com\/paulettematkovic.com\/wp-content\/uploads\/2018\/07\/stone-316227_1280.jpg\" parallax=\"on\" parallax_method=\"on\" custom_margin=\"|||\" custom_padding=\"110px||110px||true\" custom_padding_tablet=\"100px|||\" custom_padding_phone=\"\" custom_padding_last_edited=\"on|phone\" animation_style=\"fade\" animation_direction=\"top\" title_font_size_tablet=\"40px\" title_font_size_phone=\"\" title_font_size_last_edited=\"on|tablet\" subhead_font_size_tablet=\"\" subhead_font_size_phone=\"20px\" subhead_font_size_last_edited=\"on|desktop\" subhead_line_height_tablet=\"\" subhead_line_height_phone=\"1.5em\" subhead_line_height_last_edited=\"on|phone\" button_one_text_color_hover=\"#ffffff\" button_one_border_color_hover=\"#ff9e59\" button_one_border_radius_hover=\"100px\" button_one_bg_color_hover=\"#ff9e59\" global_colors_info=\"{}\" button_one_text_size__hover_enabled=\"off\" button_two_text_size__hover_enabled=\"off\" button_one_text_color__hover_enabled=\"on\" button_one_text_color__hover=\"#ffffff\" button_two_text_color__hover_enabled=\"off\" button_one_border_width__hover_enabled=\"off\" button_two_border_width__hover_enabled=\"off\" button_one_border_color__hover_enabled=\"on\" button_one_border_color__hover=\"#ff9e59\" button_two_border_color__hover_enabled=\"off\" button_one_border_radius__hover_enabled=\"on\" button_one_border_radius__hover=\"100px\" button_two_border_radius__hover_enabled=\"off\" button_one_letter_spacing__hover_enabled=\"off\" button_two_letter_spacing__hover_enabled=\"off\" button_one_bg_color__hover_enabled=\"on\" button_one_bg_color__hover=\"#ff9e59\" button_two_bg_color__hover_enabled=\"off\"][\/et_pb_fullwidth_header][\/et_pb_section][et_pb_section fb_built=\"1\" admin_label=\"Contact Section\" _builder_version=\"4.16\" use_background_color_gradient=\"on\" background_color_gradient_direction=\"105deg\" background_color_gradient_stops=\"#f7f7f7 65%|#ffffff 65%\" background_color_gradient_start=\"#f7f7f7\" background_color_gradient_start_position=\"65%\" background_color_gradient_end=\"#ffffff\" background_color_gradient_end_position=\"65%\" custom_padding=\"30px||45px||false|false\" global_colors_info=\"{}\"][et_pb_row column_structure=\"1_3,1_3,1_3\" _builder_version=\"4.27.4\" global_colors_info=\"{}\"][et_pb_column type=\"1_3\" _builder_version=\"4.16\" global_colors_info=\"{}\"][et_pb_post_slider posts_number=\"2\" include_categories=\"1\" more_text=\"En savoir plus\" show_image=\"off\" _builder_version=\"4.27.4\" background_color=\"#88c4dd\" global_colors_info=\"{}\"][\/et_pb_post_slider][\/et_pb_column][et_pb_column type=\"1_3\" _builder_version=\"4.16\" global_colors_info=\"{}\"][et_pb_image src=\"\/\/i1.wp.com\/paulettematkovic.com\/wp-content\/uploads\/2020\/03\/Yt.jpg\" _builder_version=\"4.16\" global_colors_info=\"{}\"][\/et_pb_image][et_pb_button button_url=\"@ET-DC@eyJkeW5hbWljIjp0cnVlLCJjb250ZW50IjoicG9zdF9saW5rX3VybF9wYWdlIiwic2V0dGluZ3MiOnsicG9zdF9pZCI6Ijg2NCJ9fQ==@\" button_text=\"Voir les \u00e9venements pass\u00e9s\" _builder_version=\"4.17.6\" _dynamic_attributes=\"button_url\" global_colors_info=\"{}\" button_border_color__hover_enabled=\"on|desktop\" button_text_color__hover_enabled=\"on|hover\" button_text_color__hover=\"#ffffff\" button_border_color__hover=\"#ff9e59\" button_bg_color__hover_enabled=\"on|hover\" button_bg_color__hover=\"#ff9e59\" button_bg_enable_color__hover=\"on\"][\/et_pb_button][\/et_pb_column][et_pb_column type=\"1_3\" _builder_version=\"4.27.4\" _module_preset=\"default\" global_colors_info=\"{}\"][et_pb_gallery gallery_ids=\"7583\" _builder_version=\"4.27.4\" _module_preset=\"default\" hover_enabled=\"0\" global_colors_info=\"{}\" link_option_url=\"@ET-DC@eyJkeW5hbWljIjp0cnVlLCJjb250ZW50IjoicG9zdF9saW5rX3VybF9wYWdlIiwic2V0dGluZ3MiOnsicG9zdF9pZCI6IjEzODAifX0=@\" _dynamic_attributes=\"link_option_url\" sticky_enabled=\"0\"][\/et_pb_gallery][et_pb_button button_url=\"mailto:info@paulettematkovic.com\" button_text=\"Demande d'offre de prix\" _builder_version=\"4.27.4\" _module_preset=\"default\" global_colors_info=\"{}\"][\/et_pb_button][\/et_pb_column][\/et_pb_row][\/et_pb_section][et_pb_section fb_built=\"1\" admin_label=\"Gallery\" _builder_version=\"4.17.6\" background_image=\"\/\/i0.wp.com\/paulettematkovic.com\/wp-content\/uploads\/2018\/08\/clouds-731260_1920.jpg\" background_position=\"top_center\" link_option_url=\"https:\/\/magenta-chimpanzee-501077.hostingersite.com\/2019\/12\/26\/atelier-de-decouverte-yoga-therapie\/\" global_colors_info=\"{}\"][et_pb_row column_structure=\"1_4,1_4,1_4,1_4\" use_custom_gutter=\"on\" gutter_width=\"1\" module_class=\" et_pb_row_fullwidth\" _builder_version=\"4.16\" width=\"100%\" width_tablet=\"100%\" width_phone=\"\" width_last_edited=\"on|desktop\" max_width=\"100%\" max_width_tablet=\"100%\" max_width_phone=\"\" max_width_last_edited=\"on|desktop\" custom_padding=\"0|0px|0|0px|false|false\" make_fullwidth=\"on\" global_colors_info=\"{}\"][et_pb_column type=\"1_4\" _builder_version=\"4.16\" custom_padding=\"|||\" global_colors_info=\"{}\" custom_padding__hover=\"|||\"][et_pb_image src=\"\/\/i1.wp.com\/paulettematkovic.com\/wp-content\/uploads\/2018\/08\/bank-1532394__340-1.jpg\" show_in_lightbox=\"on\" use_overlay=\"on\" overlay_icon_color=\"#ff6b5a\" force_fullwidth=\"on\" align_tablet=\"center\" align_phone=\"\" align_last_edited=\"on|desktop\" _builder_version=\"4.16\" animation_style=\"zoom\" animation_delay=\"175ms\" animation_intensity_zoom=\"6%\" global_colors_info=\"{}\"][\/et_pb_image][\/et_pb_column][et_pb_column type=\"1_4\" _builder_version=\"4.16\" custom_padding=\"|||\" global_colors_info=\"{}\" custom_padding__hover=\"|||\"][et_pb_image src=\"\/\/i3.wp.com\/paulettematkovic.com\/wp-content\/uploads\/2018\/08\/moi-1.jpg\" show_in_lightbox=\"on\" use_overlay=\"on\" overlay_icon_color=\"#ff6b5a\" force_fullwidth=\"on\" align_tablet=\"center\" align_phone=\"\" align_last_edited=\"on|desktop\" _builder_version=\"4.16\" animation_style=\"zoom\" animation_delay=\"100ms\" animation_intensity_zoom=\"6%\" locked=\"off\" global_colors_info=\"{}\"][\/et_pb_image][\/et_pb_column][et_pb_column type=\"1_4\" _builder_version=\"4.16\" custom_padding=\"|||\" global_colors_info=\"{}\" custom_padding__hover=\"|||\"][et_pb_image src=\"\/\/i1.wp.com\/paulettematkovic.com\/wp-content\/uploads\/2018\/08\/correction-alinne-1.jpg\" show_in_lightbox=\"on\" use_overlay=\"on\" overlay_icon_color=\"#ff6b5a\" force_fullwidth=\"on\" align_tablet=\"center\" align_phone=\"\" align_last_edited=\"on|desktop\" _builder_version=\"4.16\" animation_style=\"zoom\" animation_delay=\"100ms\" animation_intensity_zoom=\"6%\" global_colors_info=\"{}\"][\/et_pb_image][et_pb_image src=\"\/\/i0.wp.com\/paulettematkovic.com\/wp-content\/uploads\/2018\/06\/Visage-chien-t\u00eate-en-haut2.jpg\" show_in_lightbox=\"on\" use_overlay=\"on\" overlay_icon_color=\"#ff6b5a\" force_fullwidth=\"on\" align_tablet=\"center\" align_phone=\"\" align_last_edited=\"on|desktop\" _builder_version=\"4.16\" animation_style=\"zoom\" animation_delay=\"150ms\" animation_intensity_zoom=\"6%\" locked=\"off\" global_colors_info=\"{}\"][\/et_pb_image][\/et_pb_column][et_pb_column type=\"1_4\" _builder_version=\"4.16\" custom_padding=\"|||\" global_colors_info=\"{}\" custom_padding__hover=\"|||\"][et_pb_image src=\"\/\/i0.wp.com\/paulettematkovic.com\/wp-content\/uploads\/2018\/06\/plage-palmier.png\" show_in_lightbox=\"on\" use_overlay=\"on\" overlay_icon_color=\"#ff6b5a\" force_fullwidth=\"on\" align_tablet=\"center\" align_phone=\"\" align_last_edited=\"on|desktop\" _builder_version=\"4.16\" animation_style=\"zoom\" animation_delay=\"25ms\" animation_intensity_zoom=\"6%\" locked=\"off\" global_colors_info=\"{}\"][\/et_pb_image][\/et_pb_column][\/et_pb_row][\/et_pb_section]<\/p>\n","protected":false},"excerpt":{"rendered":"excerpt","protected":false},"author":3,"featured_media":0,"parent":0,"menu_order":0,"comment_status":"closed","ping_status":"closed","template":"","meta":{"_et_pb_use_builder":"on","_et_pb_old_content":"","_et_gb_content_width":"","episode_type":"","audio_file":"","cover_image":"","cover_image_id":"","duration":"","filesize":"","date_recorded":"","explicit":"","block":"","filesize_raw":"","footnotes":""},"class_list":["post-169","page","type-page","status-publish","hentry"],"yoast_head":"<!-- This site is optimized with the Yoast SEO plugin v25.4 - https:\/\/yoast.com\/wordpress\/plugins\/seo\/ -->\n<title>Workshops<\/title>\n<meta name=\"robots\" content=\"index, follow, max-snippet:-1, max-image-preview:large, max-video-preview:-1\" \/>\n<meta property=\"og:locale\" content=\"en_US\" \/>\n<meta property=\"og:type\" content=\"article\" \/>\n<meta property=\"og:title\" content=\"Workshops\" \/>\n<meta property=\"og:url\" content=\"https:\/\/paulettematkovic.com\/en\/workshops\/\" \/>\n<meta property=\"og:site_name\" content=\"Paulette Matkovic\" \/>\n<meta property=\"article:publisher\" content=\"https:\/\/www.facebook.com\/yogatherapybrussels\" \/>\n<meta property=\"article:modified_time\" content=\"2026-01-22T17:22:35+00:00\" \/>\n<meta property=\"og:image\" content=\"https:\/\/paulettematkovic.com\/wp-content\/uploads\/2020\/09\/aigle-rapproch\u00e9-scaled-e1659173307428.jpg\" \/>\n\t<meta property=\"og:image:width\" content=\"560\" \/>\n\t<meta property=\"og:image:height\" content=\"373\" \/>\n\t<meta property=\"og:image:type\" content=\"image\/jpeg\" \/>\n<meta name=\"twitter:card\" content=\"summary_large_image\" \/>\n<meta name=\"twitter:label1\" content=\"Est. reading time\" \/>\n\t<meta name=\"twitter:data1\" content=\"5 minutes\" \/>\n<script type=\"application\/ld+json\" class=\"yoast-schema-graph\">{\"@context\":\"https:\/\/schema.org\",\"@graph\":[{\"@type\":\"WebPage\",\"@id\":\"https:\/\/paulettematkovic.com\/en\/workshops\/\",\"url\":\"https:\/\/paulettematkovic.com\/en\/workshops\/\",\"name\":\"Workshops - Paulette Matkovic\",\"isPartOf\":{\"@id\":\"https:\/\/paulettematkovic.com\/#website\"},\"datePublished\":\"2018-07-01T17:23:41+00:00\",\"dateModified\":\"2026-01-22T17:22:35+00:00\",\"description\":\"\u00c9v\u00e8nements, ateliers sur des th\u00e8mes sp\u00e9cifiques (yoga, acupuncture, nutrition et m\u00e9decine chinoise)\",\"breadcrumb\":{\"@id\":\"https:\/\/paulettematkovic.com\/en\/workshops\/#breadcrumb\"},\"inLanguage\":\"en-US\",\"potentialAction\":[{\"@type\":\"ReadAction\",\"target\":[\"https:\/\/paulettematkovic.com\/en\/workshops\/\"]}]},{\"@type\":\"BreadcrumbList\",\"@id\":\"https:\/\/paulettematkovic.com\/en\/workshops\/#breadcrumb\",\"itemListElement\":[{\"@type\":\"ListItem\",\"position\":1,\"name\":\"Home\",\"item\":\"https:\/\/paulettematkovic.com\/\"},{\"@type\":\"ListItem\",\"position\":2,\"name\":\"Workshops\"}]},{\"@type\":\"WebSite\",\"@id\":\"https:\/\/paulettematkovic.com\/en\/#website\",\"url\":\"https:\/\/paulettematkovic.com\/en\/\",\"name\":\"Paulette Matkovic\",\"description\":\"Find the confort of well-being\",\"publisher\":{\"@id\":\"https:\/\/paulettematkovic.com\/en\/#\/schema\/person\/6901ac3f25453e43ba059c0e309fcf57\"},\"potentialAction\":[{\"@type\":\"SearchAction\",\"target\":{\"@type\":\"EntryPoint\",\"urlTemplate\":\"https:\/\/paulettematkovic.com\/en\/?s={search_term_string}\"},\"query-input\":{\"@type\":\"PropertyValueSpecification\",\"valueRequired\":true,\"valueName\":\"search_term_string\"}}],\"inLanguage\":\"en-US\"},{\"@type\":[\"Person\",\"Organization\"],\"@id\":\"https:\/\/paulettematkovic.com\/en\/#\/schema\/person\/6901ac3f25453e43ba059c0e309fcf57\",\"name\":\"Paulette Matkovic\",\"image\":{\"@type\":\"ImageObject\",\"inLanguage\":\"en-US\",\"@id\":\"https:\/\/paulettematkovic.com\/#\/schema\/person\/image\/\",\"url\":\"https:\/\/magenta-chimpanzee-501077.hostingersite.com\/wp-content\/uploads\/2020\/09\/aigle-rapproch\u00e9-scaled.jpg\",\"contentUrl\":\"https:\/\/magenta-chimpanzee-501077.hostingersite.com\/wp-content\/uploads\/2020\/09\/aigle-rapproch\u00e9-scaled.jpg\",\"width\":2560,\"height\":1707,\"caption\":\"Paulette Matkovic\"},\"logo\":{\"@id\":\"https:\/\/paulettematkovic.com\/#\/schema\/person\/image\/\"},\"description\":\"Yoga Th\u00e9rapeute form\u00e9e par le Dr Chandrasekaran\",\"sameAs\":[\"https:\/\/magenta-chimpanzee-501077.hostingersite.com\",\"https:\/\/www.facebook.com\/yogatherapybrussels\",\"https:\/\/www.instagram.com\/paulette_matkovic\/\",\"https:\/\/be.linkedin.com\/in\/paulette-matkovic-5282aa145\",\"https:\/\/www.facebook.com\/Paulette-Matkovic-Yoga-Therapy-103766801131187\/?modal=admin_todo_tour\"]}]}<\/script>\n<!-- \/ Yoast SEO plugin. -->","yoast_head_json":{"title":"Workshops","robots":{"index":"index","follow":"follow","max-snippet":"max-snippet:-1","max-image-preview":"max-image-preview:large","max-video-preview":"max-video-preview:-1"},"og_locale":"en_US","og_type":"article","og_title":"Workshops","og_url":"https:\/\/paulettematkovic.com\/en\/workshops\/","og_site_name":"Paulette Matkovic","article_publisher":"https:\/\/www.facebook.com\/yogatherapybrussels","article_modified_time":"2026-01-22T17:22:35+00:00","og_image":[{"width":560,"height":373,"url":"https:\/\/paulettematkovic.com\/wp-content\/uploads\/2020\/09\/aigle-rapproch\u00e9-scaled-e1659173307428.jpg","type":"image\/jpeg"}],"twitter_card":"summary_large_image","twitter_misc":{"Est. reading time":"5 minutes"},"schema":{"@context":"https:\/\/schema.org","@graph":[{"@type":"WebPage","@id":"https:\/\/paulettematkovic.com\/en\/workshops\/","url":"https:\/\/paulettematkovic.com\/en\/workshops\/","name":"Workshops - Paulette Matkovic","isPartOf":{"@id":"https:\/\/paulettematkovic.com\/#website"},"datePublished":"2018-07-01T17:23:41+00:00","dateModified":"2026-01-22T17:22:35+00:00","description":"\u00c9v\u00e8nements, ateliers sur des th\u00e8mes sp\u00e9cifiques (yoga, acupuncture, nutrition et m\u00e9decine chinoise)","breadcrumb":{"@id":"https:\/\/paulettematkovic.com\/en\/workshops\/#breadcrumb"},"inLanguage":"en-US","potentialAction":[{"@type":"ReadAction","target":["https:\/\/paulettematkovic.com\/en\/workshops\/"]}]},{"@type":"BreadcrumbList","@id":"https:\/\/paulettematkovic.com\/en\/workshops\/#breadcrumb","itemListElement":[{"@type":"ListItem","position":1,"name":"Home","item":"https:\/\/paulettematkovic.com\/"},{"@type":"ListItem","position":2,"name":"Workshops"}]},{"@type":"WebSite","@id":"https:\/\/paulettematkovic.com\/en\/#website","url":"https:\/\/paulettematkovic.com\/en\/","name":"Paulette Matkovic","description":"Find the confort of well-being","publisher":{"@id":"https:\/\/paulettematkovic.com\/en\/#\/schema\/person\/6901ac3f25453e43ba059c0e309fcf57"},"potentialAction":[{"@type":"SearchAction","target":{"@type":"EntryPoint","urlTemplate":"https:\/\/paulettematkovic.com\/en\/?s={search_term_string}"},"query-input":{"@type":"PropertyValueSpecification","valueRequired":true,"valueName":"search_term_string"}}],"inLanguage":"en-US"},{"@type":["Person","Organization"],"@id":"https:\/\/paulettematkovic.com\/en\/#\/schema\/person\/6901ac3f25453e43ba059c0e309fcf57","name":"Paulette Matkovic","image":{"@type":"ImageObject","inLanguage":"en-US","@id":"https:\/\/paulettematkovic.com\/#\/schema\/person\/image\/","url":"https:\/\/magenta-chimpanzee-501077.hostingersite.com\/wp-content\/uploads\/2020\/09\/aigle-rapproch\u00e9-scaled.jpg","contentUrl":"https:\/\/magenta-chimpanzee-501077.hostingersite.com\/wp-content\/uploads\/2020\/09\/aigle-rapproch\u00e9-scaled.jpg","width":2560,"height":1707,"caption":"Paulette Matkovic"},"logo":{"@id":"https:\/\/paulettematkovic.com\/#\/schema\/person\/image\/"},"description":"Yoga Th\u00e9rapeute form\u00e9e par le Dr Chandrasekaran","sameAs":["https:\/\/magenta-chimpanzee-501077.hostingersite.com","https:\/\/www.facebook.com\/yogatherapybrussels","https:\/\/www.instagram.com\/paulette_matkovic\/","https:\/\/be.linkedin.com\/in\/paulette-matkovic-5282aa145","https:\/\/www.facebook.com\/Paulette-Matkovic-Yoga-Therapy-103766801131187\/?modal=admin_todo_tour"]}]}},"_links":{"self":[{"href":"https:\/\/paulettematkovic.com\/en\/wp-json\/wp\/v2\/pages\/169","targetHints":{"allow":["GET"]}}],"collection":[{"href":"https:\/\/paulettematkovic.com\/en\/wp-json\/wp\/v2\/pages"}],"about":[{"href":"https:\/\/paulettematkovic.com\/en\/wp-json\/wp\/v2\/types\/page"}],"author":[{"embeddable":true,"href":"https:\/\/paulettematkovic.com\/en\/wp-json\/wp\/v2\/users\/3"}],"replies":[{"embeddable":true,"href":"https:\/\/paulettematkovic.com\/en\/wp-json\/wp\/v2\/comments?post=169"}],"version-history":[{"count":5,"href":"https:\/\/paulettematkovic.com\/en\/wp-json\/wp\/v2\/pages\/169\/revisions"}],"predecessor-version":[{"id":7674,"href":"https:\/\/paulettematkovic.com\/en\/wp-json\/wp\/v2\/pages\/169\/revisions\/7674"}],"wp:attachment":[{"href":"https:\/\/paulettematkovic.com\/en\/wp-json\/wp\/v2\/media?parent=169"}],"curies":[{"name":"wp","href":"https:\/\/api.w.org\/{rel}","templated":true}]}}