{"id":144,"date":"2018-07-01T17:00:11","date_gmt":"2018-07-01T17:00:11","guid":{"rendered":"https:\/\/paulettematkovic.com\/?page_id=144"},"modified":"2024-05-07T11:05:22","modified_gmt":"2024-05-07T11:05:22","slug":"therapie","status":"publish","type":"page","link":"https:\/\/paulettematkovic.com\/en\/therapie\/","title":{"rendered":"Yogatherapy"},"content":{"rendered":"<p>[et_pb_section fb_built=\"1\" fullwidth=\"on\" admin_label=\"Header\" _builder_version=\"4.16\" background_color=\"#b7b9c7\" custom_padding=\"0px|0|0px|0px|false|false\" locked=\"off\" global_colors_info=\"{}\"][et_pb_fullwidth_header title=\"Yogath\u00e9rapie\" subhead=\"Vous souffrez d'anxi\u00e9t\u00e9, de mal de dos, de migraines, d'insomnie.. La Yoga th\u00e9rapie peut vous aider\" text_orientation=\"center\" background_overlay_color=\"rgba(83,90,128,0.3)\" _builder_version=\"4.18.0\" title_text_align=\"center\" subhead_font=\"Noto Sans||||||||\" subhead_text_align=\"center\" background_color=\"rgba(255,255,255,0)\" background_image=\"\/\/i1.wp.com\/paulettematkovic.com\/wp-content\/uploads\/2020\/03\/Yt.jpg\" parallax=\"on\" parallax_method=\"on\" custom_padding_last_edited=\"off|tablet\" animation_style=\"fade\" animation_direction=\"top\" title_font_size_tablet=\"40px\" title_font_size_phone=\"\" title_font_size_last_edited=\"on|tablet\" subhead_font_size_tablet=\"\" subhead_font_size_phone=\"20px\" subhead_font_size_last_edited=\"on|desktop\" subhead_line_height_tablet=\"\" subhead_line_height_phone=\"1.5em\" subhead_line_height_last_edited=\"on|phone\" button_one_text_color_hover=\"#ffffff\" button_one_border_color_hover=\"#ff9e59\" button_one_border_radius_hover=\"100px\" button_one_bg_color_hover=\"#ff9e59\" global_colors_info=\"{}\" button_one_text_size__hover_enabled=\"off\" button_two_text_size__hover_enabled=\"off\" button_one_text_color__hover_enabled=\"on\" button_one_text_color__hover=\"#ffffff\" button_two_text_color__hover_enabled=\"off\" button_one_border_width__hover_enabled=\"off\" button_two_border_width__hover_enabled=\"off\" button_one_border_color__hover_enabled=\"on\" button_one_border_color__hover=\"#ff9e59\" button_two_border_color__hover_enabled=\"off\" button_one_border_radius__hover_enabled=\"on\" button_one_border_radius__hover=\"100px\" button_two_border_radius__hover_enabled=\"off\" button_one_letter_spacing__hover_enabled=\"off\" button_two_letter_spacing__hover_enabled=\"off\" button_one_bg_color__hover_enabled=\"on\" button_one_bg_color__hover=\"#ff9e59\" button_two_bg_color__hover_enabled=\"off\"][\/et_pb_fullwidth_header][\/et_pb_section][et_pb_section fb_built=\"1\" _builder_version=\"4.16\" background_color=\"#ffffff\" global_colors_info=\"{}\"][et_pb_row column_structure=\"1_2,1_2\" _builder_version=\"4.16\" background_color=\"rgba(0,0,0,0)\" custom_padding=\"|||\" global_colors_info=\"{}\"][et_pb_column type=\"1_2\" _builder_version=\"4.16\" custom_padding=\"|||\" global_colors_info=\"{}\" custom_padding__hover=\"|||\"][et_pb_testimonial author=\"M.C.\" _builder_version=\"4.16\" global_colors_info=\"{}\"]<\/p>\n<p style=\"margin-bottom: 0cm;\">J\u2019ai pris rendez-vous avec Paulette car j\u2019ai souvent mal au dos.<br \/>\nJe voulais une approche naturelle.<br \/>\nPaulette m\u2019a donn\u00e9 2 s\u00e9ances \u00e0 faire (une le matin et une le soir).<br \/>\nIl est tr\u00e8s agr\u00e9able de les pratiquer.<br \/>\nJe me sens compl\u00e8tement d\u00e9tendue et mon mal au dos s\u2019att\u00e9nue de jour en jour...<br \/>\nMon dos te remercie chaque jour.<br \/>\nTr\u00e8s contente d\u2019avoir choisi le Yoga th\u00e9rapeutique car cela me procure un bien \u00eatre!<br \/>\nMariella<\/p>\n<p>[\/et_pb_testimonial][et_pb_testimonial author=\"Eva J.\" _builder_version=\"4.16\" global_colors_info=\"{}\"]<\/p>\n<p style=\"margin-bottom: 0cm;\">Paulette est tr\u00e8s \u00e0 l'\u00e9coute et adapte ses recommandations \u00e0 chaque situation particuli\u00e8re. En suivant la pratique qu'elle nous pr\u00e9conise, on sent rapidement des am\u00e9liorations<\/p>\n<p>[\/et_pb_testimonial][et_pb_testimonial author=\"Patricia O.\" _builder_version=\"4.16\" global_colors_info=\"{}\"]<\/p>\n<p style=\"margin-bottom: 0cm;\">\"Depuis que je pratique les exercices personnalis\u00e9s que m'a pr\u00e9par\u00e9s Paulette, je me sens plus \u00e9nergique. Je vais la voir une fois\/6 semaines; elle corrige ma pratique et me donne de nouveaux exercices. Plus, j'adore sa disponibilit\u00e9 au t\u00e9l\u00e9phone ou par whatsapp entre mes RV chez elle. Ces s\u00e9ances m'ont aid\u00e9 \u00e0 r\u00e9cup\u00e9rer optimalement de mon op\u00e9ration, merci Paulette :-)\"<\/p>\n<p>[\/et_pb_testimonial][\/et_pb_column][et_pb_column type=\"1_2\" _builder_version=\"4.16\" custom_padding=\"|||\" global_colors_info=\"{}\" custom_padding__hover=\"|||\"][et_pb_cta title=\"Yogath\u00e9rapie\" button_url=\"https:\/\/www.youtube.com\/watch?v=4cUUsXFaJv4&t=13s\" _builder_version=\"4.18.0\" header_font=\"Noto Serif|700|||||||\" header_text_align=\"center\" body_font=\"Noto Sans||||||||\" use_background_color=\"off\" custom_button=\"on\" button_text_size=\"17px\" button_text_color=\"#ffffff\" button_bg_color=\"#ff6b5a\" button_border_width=\"5px\" button_border_color=\"#ff6b5a\" button_border_radius=\"100px\" button_font=\"Noto Sans|700||on|||||\" button_use_icon=\"off\" background_layout=\"light\" width_tablet=\"\" width_phone=\"\" width_last_edited=\"on|desktop\" header_font_size_tablet=\"\" header_font_size_phone=\"34px\" header_font_size_last_edited=\"on|phone\" button_text_color_hover=\"#ffffff\" button_border_color_hover=\"#ff9e59\" button_bg_color_hover=\"#ff9e59\" inline_fonts=\"Times New Roman,Verdana\" global_colors_info=\"{}\" button_text_size__hover_enabled=\"off\" button_one_text_size__hover_enabled=\"off\" button_two_text_size__hover_enabled=\"off\" button_text_color__hover_enabled=\"on\" button_text_color__hover=\"#ffffff\" button_one_text_color__hover_enabled=\"off\" button_two_text_color__hover_enabled=\"off\" button_border_width__hover_enabled=\"off\" button_one_border_width__hover_enabled=\"off\" button_two_border_width__hover_enabled=\"off\" button_border_color__hover_enabled=\"on\" button_border_color__hover=\"#ff9e59\" button_one_border_color__hover_enabled=\"off\" button_two_border_color__hover_enabled=\"off\" button_border_radius__hover_enabled=\"off\" button_one_border_radius__hover_enabled=\"off\" button_two_border_radius__hover_enabled=\"off\" button_letter_spacing__hover_enabled=\"off\" button_one_letter_spacing__hover_enabled=\"off\" button_two_letter_spacing__hover_enabled=\"off\" button_bg_color__hover_enabled=\"on\" button_bg_color__hover=\"#ff9e59\" button_one_bg_color__hover_enabled=\"off\" button_two_bg_color__hover_enabled=\"off\"]<\/p>\n<p>La Yogath\u00e9rapie prend en compte la personne dans sa globalit\u00e9, avec une vision orientale de la maladie et de l\u2019individu : toute maladie affecte l\u2019ensemble de l\u2019organisme m\u00eame si elle se manifeste dans des zones pr\u00e9cises du corps et l\u2019on soigne des individus plut\u00f4t que des maladies.<\/p>\n<p>Entreprendre une d\u00e9marche en yoga th\u00e9rapie, c\u2019est s\u2019octroyer des moments d\u2019apaisement et de retour vers soi, permettant au corps de trouver les ressources pour s\u2019auto-gu\u00e9rir.<\/p>\n<p>La personne qui vient consulter ressortira avec une pratique totalement adapt\u00e9e \u00e0 ses besoins et \u00e0 sa constitution et sera suivie de pr\u00e8s par la yoga th\u00e9rapeute.<\/p>\n<p style=\"text-align: left;\"><strong>Lieu de consultations:<\/strong><\/p>\n<ul style=\"text-align: left;\">\n<li>Au <a href=\"https:\/\/www.facebook.com\/Be-healthy-be-here-104309934449563\/\">Be-here<\/a>, 4 rue Dieudonn\u00e9 Lef\u00e8vre, 1020 Bruxelles<\/li>\n<\/ul>\n<p style=\"text-align: left;\">Dur\u00e9e des consultations : environ 1h<br \/>Prix: 70 euros<br \/>En fonction de votre situation, Paulette vous proposera \u00e9galement des s\u00e9ances de somatic experiencing pour soutenir le changement<\/p>\n<p style=\"text-align: left;\">Pour prendre RDV:cliquez sur le lien ci-dessous ou\u00a0 <strong>info <em>at<\/em> paulettematkovic.com<\/strong> ou <strong>+32 488 412690<\/strong><\/p>\n<p>[\/et_pb_cta][et_pb_button button_url=\"@ET-DC@eyJkeW5hbWljIjp0cnVlLCJjb250ZW50IjoicG9zdF9saW5rX3VybF9wb3N0Iiwic2V0dGluZ3MiOnsicG9zdF9pZCI6IjU4MjgifX0=@\" button_text=\"Prendre rendez-vous\" _builder_version=\"4.19.4\" hover_enabled=\"0\" global_colors_info=\"{}\" button_border_color__hover_enabled=\"on|desktop\" button_text_color__hover_enabled=\"on|hover\" button_text_color__hover=\"#ffffff\" button_border_color__hover=\"#ff9e59\" button_bg_color__hover_enabled=\"on|hover\" button_bg_color__hover=\"#ff9e59\" button_bg_enable_color__hover=\"on\" _dynamic_attributes=\"button_url\" sticky_enabled=\"0\"][\/et_pb_button][\/et_pb_column][\/et_pb_row][et_pb_row _builder_version=\"4.16\" global_colors_info=\"{}\"][et_pb_column type=\"4_4\" _builder_version=\"4.16\" global_colors_info=\"{}\"][et_pb_divider _builder_version=\"4.16\" global_colors_info=\"{}\"][\/et_pb_divider][\/et_pb_column][\/et_pb_row][et_pb_row column_structure=\"1_2,1_2\" _builder_version=\"4.16\" background_size=\"initial\" background_position=\"top_left\" background_repeat=\"repeat\" global_colors_info=\"{}\"][et_pb_column type=\"1_2\" _builder_version=\"4.17.4\" _module_preset=\"default\" global_colors_info=\"{}\"][et_pb_testimonial author=\"Sonia\" _builder_version=\"4.17.4\" _module_preset=\"default\" global_colors_info=\"{}\"]<\/p>\n<p>Avec le yoga j'ai appris \u00e0 \u00e9couter mon corps. Depuis plus de 15 ans je souffre de maux de t\u00eate d'origine musculaire. Apr\u00e8s des ann\u00e9es de recherches par le biais de la m\u00e9decine classique ainsi que des m\u00e9decines alternatives je me suis r\u00e9sign\u00e9e et j\u2019ai commenc\u00e9e la prise d'anti-inflammatoires tr\u00e8s forts et agressifs car ils \u00e9taient la seule mani\u00e8re de me soulager. Avec le yoga j'ai appris \u00e0 identifier les signaux pr\u00e9curseurs et avec quelques exercices ainsi qu'une pratique hebdomadaire je peux ma\u00eetriser l'intensit\u00e9 de ces maux de t\u00eate et r\u00e9duire presque totalement la prise des anti-inflammatoires.<\/p>\n<p>[\/et_pb_testimonial][\/et_pb_column][et_pb_column type=\"1_2\" _builder_version=\"4.17.4\" _module_preset=\"default\" global_colors_info=\"{}\"][et_pb_testimonial author=\"Gabriela\" portrait_url=\"https:\/\/magenta-chimpanzee-501077.hostingersite.com\/wp-content\/uploads\/2018\/08\/image-commentaire-1.png\" _builder_version=\"4.17.4\" _module_preset=\"default\" global_colors_info=\"{}\"]<\/p>\n<p>Je suis atteinte de polyarthrite rhumato\u00efde depuis plus de 4ans. Le yoga m'a beaucoup aid\u00e9 \u00e0 la prise de conscience de mon corps. Gr\u00e2ce aux postures adapt\u00e9es, que Paulette \u00e0 mises en place. Aujourd'hui, je peux soulager mes douleurs chroniques et me sentir mieux au quotidien. Le yoga est devenu indispensable.<\/p>\n<p>[\/et_pb_testimonial][\/et_pb_column][\/et_pb_row][\/et_pb_section]<\/p>\n","protected":false},"excerpt":{"rendered":"excerpt","protected":false},"author":3,"featured_media":0,"parent":0,"menu_order":0,"comment_status":"closed","ping_status":"closed","template":"","meta":{"_et_pb_use_builder":"on","_et_pb_old_content":"","_et_gb_content_width":"","episode_type":"","audio_file":"","cover_image":"","cover_image_id":"","duration":"","filesize":"","date_recorded":"","explicit":"","block":"","filesize_raw":"","footnotes":""},"class_list":["post-144","page","type-page","status-publish","hentry"],"yoast_head":"<!-- This site is optimized with the Yoast SEO plugin v25.4 - https:\/\/yoast.com\/wordpress\/plugins\/seo\/ -->\n<title>Yogatherapy<\/title>\n<meta name=\"robots\" content=\"index, follow, max-snippet:-1, max-image-preview:large, max-video-preview:-1\" \/>\n<meta property=\"og:locale\" content=\"en_US\" \/>\n<meta property=\"og:type\" content=\"article\" \/>\n<meta property=\"og:title\" content=\"Yogatherapy\" \/>\n<meta property=\"og:url\" content=\"https:\/\/paulettematkovic.com\/en\/therapie\/\" \/>\n<meta property=\"og:site_name\" content=\"Paulette Matkovic\" \/>\n<meta property=\"article:publisher\" content=\"https:\/\/www.facebook.com\/yogatherapybrussels\" \/>\n<meta property=\"article:modified_time\" content=\"2024-05-07T11:05:22+00:00\" \/>\n<meta property=\"og:image\" content=\"https:\/\/paulettematkovic.com\/wp-content\/uploads\/2020\/09\/aigle-rapproch\u00e9-scaled-e1659173307428.jpg\" \/>\n\t<meta property=\"og:image:width\" content=\"560\" \/>\n\t<meta property=\"og:image:height\" content=\"373\" \/>\n\t<meta property=\"og:image:type\" content=\"image\/jpeg\" \/>\n<meta name=\"twitter:card\" content=\"summary_large_image\" \/>\n<meta name=\"twitter:label1\" content=\"Est. reading time\" \/>\n\t<meta name=\"twitter:data1\" content=\"4 minutes\" \/>\n<script type=\"application\/ld+json\" class=\"yoast-schema-graph\">{\"@context\":\"https:\/\/schema.org\",\"@graph\":[{\"@type\":\"WebPage\",\"@id\":\"https:\/\/paulettematkovic.com\/en\/therapie\/\",\"url\":\"https:\/\/paulettematkovic.com\/en\/therapie\/\",\"name\":\"Yogath\u00e9rapie - Paulette Matkovic\",\"isPartOf\":{\"@id\":\"https:\/\/paulettematkovic.com\/#website\"},\"datePublished\":\"2018-07-01T17:00:11+00:00\",\"dateModified\":\"2024-05-07T11:05:22+00:00\",\"description\":\"La Yogath\u00e9rapie prend en compte la personne dans sa globalit\u00e9, avec une vision orientale de la maladie et de l\u2019individu : l\u2019on soigne des individus plut\u00f4t que des maladies.\",\"breadcrumb\":{\"@id\":\"https:\/\/paulettematkovic.com\/en\/therapie\/#breadcrumb\"},\"inLanguage\":\"en-US\",\"potentialAction\":[{\"@type\":\"ReadAction\",\"target\":[\"https:\/\/paulettematkovic.com\/en\/therapie\/\"]}]},{\"@type\":\"BreadcrumbList\",\"@id\":\"https:\/\/paulettematkovic.com\/en\/therapie\/#breadcrumb\",\"itemListElement\":[{\"@type\":\"ListItem\",\"position\":1,\"name\":\"Home\",\"item\":\"https:\/\/paulettematkovic.com\/\"},{\"@type\":\"ListItem\",\"position\":2,\"name\":\"Yogatherapy\"}]},{\"@type\":\"WebSite\",\"@id\":\"https:\/\/paulettematkovic.com\/en\/#website\",\"url\":\"https:\/\/paulettematkovic.com\/en\/\",\"name\":\"Paulette Matkovic\",\"description\":\"Find the confort of well-being\",\"publisher\":{\"@id\":\"https:\/\/paulettematkovic.com\/en\/#\/schema\/person\/6901ac3f25453e43ba059c0e309fcf57\"},\"potentialAction\":[{\"@type\":\"SearchAction\",\"target\":{\"@type\":\"EntryPoint\",\"urlTemplate\":\"https:\/\/paulettematkovic.com\/en\/?s={search_term_string}\"},\"query-input\":{\"@type\":\"PropertyValueSpecification\",\"valueRequired\":true,\"valueName\":\"search_term_string\"}}],\"inLanguage\":\"en-US\"},{\"@type\":[\"Person\",\"Organization\"],\"@id\":\"https:\/\/paulettematkovic.com\/en\/#\/schema\/person\/6901ac3f25453e43ba059c0e309fcf57\",\"name\":\"Paulette Matkovic\",\"image\":{\"@type\":\"ImageObject\",\"inLanguage\":\"en-US\",\"@id\":\"https:\/\/paulettematkovic.com\/#\/schema\/person\/image\/\",\"url\":\"https:\/\/magenta-chimpanzee-501077.hostingersite.com\/wp-content\/uploads\/2020\/09\/aigle-rapproch\u00e9-scaled.jpg\",\"contentUrl\":\"https:\/\/magenta-chimpanzee-501077.hostingersite.com\/wp-content\/uploads\/2020\/09\/aigle-rapproch\u00e9-scaled.jpg\",\"width\":2560,\"height\":1707,\"caption\":\"Paulette Matkovic\"},\"logo\":{\"@id\":\"https:\/\/paulettematkovic.com\/#\/schema\/person\/image\/\"},\"description\":\"Yoga Th\u00e9rapeute form\u00e9e par le Dr Chandrasekaran\",\"sameAs\":[\"https:\/\/magenta-chimpanzee-501077.hostingersite.com\",\"https:\/\/www.facebook.com\/yogatherapybrussels\",\"https:\/\/www.instagram.com\/paulette_matkovic\/\",\"https:\/\/be.linkedin.com\/in\/paulette-matkovic-5282aa145\",\"https:\/\/www.facebook.com\/Paulette-Matkovic-Yoga-Therapy-103766801131187\/?modal=admin_todo_tour\"]}]}<\/script>\n<!-- \/ Yoast SEO plugin. -->","yoast_head_json":{"title":"Yogatherapy","robots":{"index":"index","follow":"follow","max-snippet":"max-snippet:-1","max-image-preview":"max-image-preview:large","max-video-preview":"max-video-preview:-1"},"og_locale":"en_US","og_type":"article","og_title":"Yogatherapy","og_url":"https:\/\/paulettematkovic.com\/en\/therapie\/","og_site_name":"Paulette Matkovic","article_publisher":"https:\/\/www.facebook.com\/yogatherapybrussels","article_modified_time":"2024-05-07T11:05:22+00:00","og_image":[{"width":560,"height":373,"url":"https:\/\/paulettematkovic.com\/wp-content\/uploads\/2020\/09\/aigle-rapproch\u00e9-scaled-e1659173307428.jpg","type":"image\/jpeg"}],"twitter_card":"summary_large_image","twitter_misc":{"Est. reading time":"4 minutes"},"schema":{"@context":"https:\/\/schema.org","@graph":[{"@type":"WebPage","@id":"https:\/\/paulettematkovic.com\/en\/therapie\/","url":"https:\/\/paulettematkovic.com\/en\/therapie\/","name":"Yogath\u00e9rapie - Paulette Matkovic","isPartOf":{"@id":"https:\/\/paulettematkovic.com\/#website"},"datePublished":"2018-07-01T17:00:11+00:00","dateModified":"2024-05-07T11:05:22+00:00","description":"La Yogath\u00e9rapie prend en compte la personne dans sa globalit\u00e9, avec une vision orientale de la maladie et de l\u2019individu : l\u2019on soigne des individus plut\u00f4t que des maladies.","breadcrumb":{"@id":"https:\/\/paulettematkovic.com\/en\/therapie\/#breadcrumb"},"inLanguage":"en-US","potentialAction":[{"@type":"ReadAction","target":["https:\/\/paulettematkovic.com\/en\/therapie\/"]}]},{"@type":"BreadcrumbList","@id":"https:\/\/paulettematkovic.com\/en\/therapie\/#breadcrumb","itemListElement":[{"@type":"ListItem","position":1,"name":"Home","item":"https:\/\/paulettematkovic.com\/"},{"@type":"ListItem","position":2,"name":"Yogatherapy"}]},{"@type":"WebSite","@id":"https:\/\/paulettematkovic.com\/en\/#website","url":"https:\/\/paulettematkovic.com\/en\/","name":"Paulette Matkovic","description":"Find the confort of well-being","publisher":{"@id":"https:\/\/paulettematkovic.com\/en\/#\/schema\/person\/6901ac3f25453e43ba059c0e309fcf57"},"potentialAction":[{"@type":"SearchAction","target":{"@type":"EntryPoint","urlTemplate":"https:\/\/paulettematkovic.com\/en\/?s={search_term_string}"},"query-input":{"@type":"PropertyValueSpecification","valueRequired":true,"valueName":"search_term_string"}}],"inLanguage":"en-US"},{"@type":["Person","Organization"],"@id":"https:\/\/paulettematkovic.com\/en\/#\/schema\/person\/6901ac3f25453e43ba059c0e309fcf57","name":"Paulette Matkovic","image":{"@type":"ImageObject","inLanguage":"en-US","@id":"https:\/\/paulettematkovic.com\/#\/schema\/person\/image\/","url":"https:\/\/magenta-chimpanzee-501077.hostingersite.com\/wp-content\/uploads\/2020\/09\/aigle-rapproch\u00e9-scaled.jpg","contentUrl":"https:\/\/magenta-chimpanzee-501077.hostingersite.com\/wp-content\/uploads\/2020\/09\/aigle-rapproch\u00e9-scaled.jpg","width":2560,"height":1707,"caption":"Paulette Matkovic"},"logo":{"@id":"https:\/\/paulettematkovic.com\/#\/schema\/person\/image\/"},"description":"Yoga Th\u00e9rapeute form\u00e9e par le Dr Chandrasekaran","sameAs":["https:\/\/magenta-chimpanzee-501077.hostingersite.com","https:\/\/www.facebook.com\/yogatherapybrussels","https:\/\/www.instagram.com\/paulette_matkovic\/","https:\/\/be.linkedin.com\/in\/paulette-matkovic-5282aa145","https:\/\/www.facebook.com\/Paulette-Matkovic-Yoga-Therapy-103766801131187\/?modal=admin_todo_tour"]}]}},"_links":{"self":[{"href":"https:\/\/paulettematkovic.com\/en\/wp-json\/wp\/v2\/pages\/144","targetHints":{"allow":["GET"]}}],"collection":[{"href":"https:\/\/paulettematkovic.com\/en\/wp-json\/wp\/v2\/pages"}],"about":[{"href":"https:\/\/paulettematkovic.com\/en\/wp-json\/wp\/v2\/types\/page"}],"author":[{"embeddable":true,"href":"https:\/\/paulettematkovic.com\/en\/wp-json\/wp\/v2\/users\/3"}],"replies":[{"embeddable":true,"href":"https:\/\/paulettematkovic.com\/en\/wp-json\/wp\/v2\/comments?post=144"}],"version-history":[{"count":0,"href":"https:\/\/paulettematkovic.com\/en\/wp-json\/wp\/v2\/pages\/144\/revisions"}],"wp:attachment":[{"href":"https:\/\/paulettematkovic.com\/en\/wp-json\/wp\/v2\/media?parent=144"}],"curies":[{"name":"wp","href":"https:\/\/api.w.org\/{rel}","templated":true}]}}